{"id":765,"date":"2025-12-03T20:36:06","date_gmt":"2025-12-03T20:36:06","guid":{"rendered":"https:\/\/musicvision.cl\/?post_type=product&#038;p=765"},"modified":"2025-12-27T19:09:20","modified_gmt":"2025-12-27T19:09:20","slug":"set-guitarra-microfono-pedestal-juguete-mp3-luces-rosada","status":"publish","type":"product","link":"https:\/\/musicvision.cl\/es\/producto\/set-guitarra-microfono-pedestal-juguete-mp3-luces-rosada\/","title":{"rendered":"Set Guitarra Microfono Pedestal Juguete Mp3 Luces Rosada"},"content":{"rendered":"<p>\u00a1Descubre el incre\u00edble Set de Guitarra, Micr\u00f3fono y Pedestal Juguete Mp3 Luces Rosada! Este emocionante conjunto est\u00e1 dise\u00f1ado para inspirar la creatividad musical de los m\u00e1s peque\u00f1os, convierte cualquier momento en una aut\u00e9ntica fiesta.<\/p>","protected":false},"excerpt":{"rendered":"<p>\u00a1Descubre el incre\u00edble Set de Guitarra, Micr\u00f3fono y Pedestal Juguete Mp3 Luces Rosada! Este emocionante conjunto est\u00e1 dise\u00f1ado para inspirar la creatividad musical de los m\u00e1s peque\u00f1os, convierte cualquier momento en una aut\u00e9ntica fiesta.<\/p>","protected":false},"featured_media":774,"template":"","meta":[],"product_brand":[],"product_cat":[75,70],"product_tag":[],"class_list":{"0":"post-765","1":"product","2":"type-product","3":"status-publish","4":"has-post-thumbnail","6":"product_cat-instrumentos","7":"product_cat-musica","9":"first","10":"outofstock","11":"shipping-taxable","12":"purchasable","13":"product-type-simple"},"_links":{"self":[{"href":"https:\/\/musicvision.cl\/es\/wp-json\/wp\/v2\/product\/765","targetHints":{"allow":["GET"]}}],"collection":[{"href":"https:\/\/musicvision.cl\/es\/wp-json\/wp\/v2\/product"}],"about":[{"href":"https:\/\/musicvision.cl\/es\/wp-json\/wp\/v2\/types\/product"}],"wp:featuredmedia":[{"embeddable":true,"href":"https:\/\/musicvision.cl\/es\/wp-json\/wp\/v2\/media\/774"}],"wp:attachment":[{"href":"https:\/\/musicvision.cl\/es\/wp-json\/wp\/v2\/media?parent=765"}],"wp:term":[{"taxonomy":"product_brand","embeddable":true,"href":"https:\/\/musicvision.cl\/es\/wp-json\/wp\/v2\/product_brand?post=765"},{"taxonomy":"product_cat","embeddable":true,"href":"https:\/\/musicvision.cl\/es\/wp-json\/wp\/v2\/product_cat?post=765"},{"taxonomy":"product_tag","embeddable":true,"href":"https:\/\/musicvision.cl\/es\/wp-json\/wp\/v2\/product_tag?post=765"}],"curies":[{"name":"wp","href":"https:\/\/api.w.org\/{rel}","templated":true}]}}