{"id":775,"date":"2025-12-03T20:46:39","date_gmt":"2025-12-03T20:46:39","guid":{"rendered":"https:\/\/musicvision.cl\/?post_type=product&#038;p=775"},"modified":"2025-12-27T19:02:54","modified_gmt":"2025-12-27T19:02:54","slug":"bateria-musical-juguete-piso-5-tambores-ninos","status":"publish","type":"product","link":"https:\/\/musicvision.cl\/es\/producto\/bateria-musical-juguete-piso-5-tambores-ninos\/","title":{"rendered":"Bater\u00eda Musical Juguete, Piso 5 Tambores Ni\u00f1os"},"content":{"rendered":"<p>Dise\u00f1ado para un sonido fant\u00e1stico, este incre\u00edble juego de bater\u00eda y platillos retro te har\u00e1 tocar como un profesional. Alienta a los ni\u00f1os a pensar creativamente desarrolla su tacto musicalidad audici\u00f3n y coordinaci\u00f3n<\/p>","protected":false},"excerpt":{"rendered":"<p>Dise\u00f1ado para un sonido fant\u00e1stico, este incre\u00edble juego de bater\u00eda y platillos retro te har\u00e1 tocar como un profesional. Alienta a los ni\u00f1os a pensar creativamente desarrolla su tacto musicalidad audici\u00f3n y coordinaci\u00f3n<\/p>","protected":false},"featured_media":772,"template":"","meta":[],"product_brand":[],"product_cat":[75,70],"product_tag":[],"class_list":{"0":"post-775","1":"product","2":"type-product","3":"status-publish","4":"has-post-thumbnail","6":"product_cat-instrumentos","7":"product_cat-musica","9":"first","10":"outofstock","11":"shipping-taxable","12":"purchasable","13":"product-type-simple"},"_links":{"self":[{"href":"https:\/\/musicvision.cl\/es\/wp-json\/wp\/v2\/product\/775","targetHints":{"allow":["GET"]}}],"collection":[{"href":"https:\/\/musicvision.cl\/es\/wp-json\/wp\/v2\/product"}],"about":[{"href":"https:\/\/musicvision.cl\/es\/wp-json\/wp\/v2\/types\/product"}],"wp:featuredmedia":[{"embeddable":true,"href":"https:\/\/musicvision.cl\/es\/wp-json\/wp\/v2\/media\/772"}],"wp:attachment":[{"href":"https:\/\/musicvision.cl\/es\/wp-json\/wp\/v2\/media?parent=775"}],"wp:term":[{"taxonomy":"product_brand","embeddable":true,"href":"https:\/\/musicvision.cl\/es\/wp-json\/wp\/v2\/product_brand?post=775"},{"taxonomy":"product_cat","embeddable":true,"href":"https:\/\/musicvision.cl\/es\/wp-json\/wp\/v2\/product_cat?post=775"},{"taxonomy":"product_tag","embeddable":true,"href":"https:\/\/musicvision.cl\/es\/wp-json\/wp\/v2\/product_tag?post=775"}],"curies":[{"name":"wp","href":"https:\/\/api.w.org\/{rel}","templated":true}]}}