{"id":776,"date":"2025-12-03T20:50:34","date_gmt":"2025-12-03T20:50:34","guid":{"rendered":"https:\/\/musicvision.cl\/?post_type=product&#038;p=776"},"modified":"2026-04-06T16:30:36","modified_gmt":"2026-04-06T16:30:36","slug":"teclado-musical-61-teclas-negro","status":"publish","type":"product","link":"https:\/\/musicvision.cl\/es\/producto\/teclado-musical-61-teclas-negro\/","title":{"rendered":"Teclado musical 61 teclas negro"},"content":{"rendered":"<p>Voltaje: 5V.<\/p>\n<p>* 61 teclas para una amplia variedad de obras y niveles intermedios.<\/p>\n<p>* Polifon\u00eda m\u00e1xima de 100 voces para mayor expresi\u00f3n musical.<\/p>\n<p>* 100 ritmos preestablecidos para improvisar y explorar.<\/p>\n<p>* Entrada para micr\u00f3fono para cantar y acompa\u00f1ar tus interpretaciones.<\/p>\n<p>* Pantalla LCD que facilita la visualizaci\u00f3n de funciones y ajustes.<\/p>\n<p>Mejora tus habilidades, explora nuevos sonidos y deja fluir tu creatividad.<\/p>","protected":false},"excerpt":{"rendered":"<p>Voltaje: 5V.<\/p>\n<p>* 61 teclas para una amplia variedad de obras y niveles intermedios.<\/p>\n<p>* Polifon\u00eda m\u00e1xima de 100 voces para mayor expresi\u00f3n musical.<\/p>\n<p>* 100 ritmos preestablecidos para improvisar y explorar.<\/p>\n<p>* Entrada para micr\u00f3fono para cantar y acompa\u00f1ar tus interpretaciones.<\/p>\n<p>* Pantalla LCD que facilita la visualizaci\u00f3n de funciones y ajustes.<\/p>\n<p>Mejora tus habilidades, explora nuevos sonidos y deja fluir tu creatividad.<\/p>","protected":false},"featured_media":771,"template":"","meta":[],"product_brand":[],"product_cat":[75,70],"product_tag":[],"class_list":{"0":"post-776","1":"product","2":"type-product","3":"status-publish","4":"has-post-thumbnail","6":"product_cat-instrumentos","7":"product_cat-musica","9":"first","10":"outofstock","11":"shipping-taxable","12":"purchasable","13":"product-type-simple"},"_links":{"self":[{"href":"https:\/\/musicvision.cl\/es\/wp-json\/wp\/v2\/product\/776","targetHints":{"allow":["GET"]}}],"collection":[{"href":"https:\/\/musicvision.cl\/es\/wp-json\/wp\/v2\/product"}],"about":[{"href":"https:\/\/musicvision.cl\/es\/wp-json\/wp\/v2\/types\/product"}],"wp:featuredmedia":[{"embeddable":true,"href":"https:\/\/musicvision.cl\/es\/wp-json\/wp\/v2\/media\/771"}],"wp:attachment":[{"href":"https:\/\/musicvision.cl\/es\/wp-json\/wp\/v2\/media?parent=776"}],"wp:term":[{"taxonomy":"product_brand","embeddable":true,"href":"https:\/\/musicvision.cl\/es\/wp-json\/wp\/v2\/product_brand?post=776"},{"taxonomy":"product_cat","embeddable":true,"href":"https:\/\/musicvision.cl\/es\/wp-json\/wp\/v2\/product_cat?post=776"},{"taxonomy":"product_tag","embeddable":true,"href":"https:\/\/musicvision.cl\/es\/wp-json\/wp\/v2\/product_tag?post=776"}],"curies":[{"name":"wp","href":"https:\/\/api.w.org\/{rel}","templated":true}]}}