{"id":777,"date":"2025-12-03T20:57:48","date_gmt":"2025-12-03T20:57:48","guid":{"rendered":"https:\/\/musicvision.cl\/?post_type=product&#038;p=777"},"modified":"2026-01-03T20:54:16","modified_gmt":"2026-01-03T20:54:16","slug":"hendrix-guitarra-clasica-nino-30-pulgadas-negro","status":"publish","type":"product","link":"https:\/\/musicvision.cl\/es\/producto\/hendrix-guitarra-clasica-nino-30-pulgadas-negro\/","title":{"rendered":"HENDRIX Guitarra Clasica Ni\u00f1o 30 Pulgadas Negro"},"content":{"rendered":"<p>Esta oportunidad es \u00fanica una Guitarra de alta calidad la cual funciona perfectamente para cualquier actuaci\u00f3n muy \u00fatil para aprender y ense\u00f1ar, ademas incluye funda para poder transportarla sin recibir ning\u00fan ray\u00f3n.<\/p>","protected":false},"excerpt":{"rendered":"<p>Esta oportunidad es \u00fanica una Guitarra de alta calidad la cual funciona perfectamente para cualquier actuaci\u00f3n muy \u00fatil para aprender y ense\u00f1ar, ademas incluye funda para poder transportarla sin recibir ning\u00fan ray\u00f3n.<\/p>","protected":false},"featured_media":770,"template":"","meta":[],"product_brand":[],"product_cat":[72,75,70],"product_tag":[],"class_list":{"0":"post-777","1":"product","2":"type-product","3":"status-publish","4":"has-post-thumbnail","6":"product_cat-cuerdas","7":"product_cat-instrumentos","8":"product_cat-musica","10":"first","11":"outofstock","12":"shipping-taxable","13":"purchasable","14":"product-type-simple"},"_links":{"self":[{"href":"https:\/\/musicvision.cl\/es\/wp-json\/wp\/v2\/product\/777","targetHints":{"allow":["GET"]}}],"collection":[{"href":"https:\/\/musicvision.cl\/es\/wp-json\/wp\/v2\/product"}],"about":[{"href":"https:\/\/musicvision.cl\/es\/wp-json\/wp\/v2\/types\/product"}],"wp:featuredmedia":[{"embeddable":true,"href":"https:\/\/musicvision.cl\/es\/wp-json\/wp\/v2\/media\/770"}],"wp:attachment":[{"href":"https:\/\/musicvision.cl\/es\/wp-json\/wp\/v2\/media?parent=777"}],"wp:term":[{"taxonomy":"product_brand","embeddable":true,"href":"https:\/\/musicvision.cl\/es\/wp-json\/wp\/v2\/product_brand?post=777"},{"taxonomy":"product_cat","embeddable":true,"href":"https:\/\/musicvision.cl\/es\/wp-json\/wp\/v2\/product_cat?post=777"},{"taxonomy":"product_tag","embeddable":true,"href":"https:\/\/musicvision.cl\/es\/wp-json\/wp\/v2\/product_tag?post=777"}],"curies":[{"name":"wp","href":"https:\/\/api.w.org\/{rel}","templated":true}]}}