{"id":778,"date":"2025-12-03T21:06:46","date_gmt":"2025-12-03T21:06:46","guid":{"rendered":"https:\/\/musicvision.cl\/?post_type=product&#038;p=778"},"modified":"2026-01-07T15:42:22","modified_gmt":"2026-01-07T15:42:22","slug":"mlab-audifono-manos-libres-green-gray-color-verde","status":"publish","type":"product","link":"https:\/\/musicvision.cl\/es\/producto\/mlab-audifono-manos-libres-green-gray-color-verde\/","title":{"rendered":"Mlab Audifono Manos Libres Green\/gray Color Verde"},"content":{"rendered":"<p><span lang=\"ES-MX\">En la calle, en el colectivo o en la oficina, ten siempre a mano tus aud\u00edfonos Mlab y esc\u00e1pate de la rutina por un rato! Vas a poder disfrutar de la m\u00fasica que m\u00e1s te gusta y de tus podcasts favoritos cuando quieras y donde quieras. El formato perfecto para ti El dise\u00f1o over-ear genera una comodidad insuperable gracias a sus suaves almohadillas. Al mismo tiempo, su sonido envolvente del m\u00e1s alto nivel se convierte en el protagonista de la escena.<\/span><\/p>","protected":false},"excerpt":{"rendered":"<p>En la calle, en el colectivo o en la oficina, ten siempre a mano tus aud\u00edfonos Mlab y esc\u00e1pate de la rutina por un rato! Vas a poder disfrutar de la m\u00fasica que m\u00e1s te gusta y de tus podcasts favoritos cuando quieras y donde quieras. El formato perfecto para ti El dise\u00f1o over-ear genera una comodidad insuperable gracias a sus suaves almohadillas. Al mismo tiempo, su sonido envolvente del m\u00e1s alto nivel se convierte en el protagonista de la escena.<\/p>","protected":false},"featured_media":769,"template":"","meta":[],"product_brand":[],"product_cat":[68,69],"product_tag":[],"class_list":{"0":"post-778","1":"product","2":"type-product","3":"status-publish","4":"has-post-thumbnail","6":"product_cat-audio","7":"product_cat-electronica","9":"first","10":"instock","11":"shipping-taxable","12":"purchasable","13":"product-type-simple"},"_links":{"self":[{"href":"https:\/\/musicvision.cl\/es\/wp-json\/wp\/v2\/product\/778","targetHints":{"allow":["GET"]}}],"collection":[{"href":"https:\/\/musicvision.cl\/es\/wp-json\/wp\/v2\/product"}],"about":[{"href":"https:\/\/musicvision.cl\/es\/wp-json\/wp\/v2\/types\/product"}],"wp:featuredmedia":[{"embeddable":true,"href":"https:\/\/musicvision.cl\/es\/wp-json\/wp\/v2\/media\/769"}],"wp:attachment":[{"href":"https:\/\/musicvision.cl\/es\/wp-json\/wp\/v2\/media?parent=778"}],"wp:term":[{"taxonomy":"product_brand","embeddable":true,"href":"https:\/\/musicvision.cl\/es\/wp-json\/wp\/v2\/product_brand?post=778"},{"taxonomy":"product_cat","embeddable":true,"href":"https:\/\/musicvision.cl\/es\/wp-json\/wp\/v2\/product_cat?post=778"},{"taxonomy":"product_tag","embeddable":true,"href":"https:\/\/musicvision.cl\/es\/wp-json\/wp\/v2\/product_tag?post=778"}],"curies":[{"name":"wp","href":"https:\/\/api.w.org\/{rel}","templated":true}]}}