{"id":779,"date":"2025-12-03T21:14:39","date_gmt":"2025-12-03T21:14:39","guid":{"rendered":"https:\/\/musicvision.cl\/?post_type=product&#038;p=779"},"modified":"2026-01-07T15:40:34","modified_gmt":"2026-01-07T15:40:34","slug":"reloj-smartwatch-s8-ultra-3-colores-notificaciones-redes-sociales","status":"publish","type":"product","link":"https:\/\/musicvision.cl\/es\/producto\/reloj-smartwatch-s8-ultra-3-colores-notificaciones-redes-sociales\/","title":{"rendered":"RELOJ SMARTWATCH S8 ULTRA 3 COLORES NOTIFICACIONES, REDES SOCIALES"},"content":{"rendered":"<p>Reloj smartwatch modelo S8 ultra en variedad de colores con notificaciones de Redes sociales. Smartwatch elegante y moderno, disponible en varios colores, dise\u00f1ado para mantenerte conectado. Recibe notificaciones de redes sociales directamente en tu mu\u00f1eca, monitoriza tu actividad f\u00edsica y controla tu salud con facilidad. Ideal para quienes buscan estilo y funcionalidad en un solo dispositivo. Producto en caja.<\/p>","protected":false},"excerpt":{"rendered":"<p>Reloj smartwatch modelo S8 ultra en variedad de colores con notificaciones de Redes sociales. Smartwatch elegante y moderno, disponible en varios colores, dise\u00f1ado para mantenerte conectado. Recibe notificaciones de redes sociales directamente en tu mu\u00f1eca, monitoriza tu actividad f\u00edsica y controla tu salud con facilidad. Ideal para quienes buscan estilo y funcionalidad en un solo dispositivo. Producto en caja.<\/p>","protected":false},"featured_media":767,"template":"","meta":[],"product_brand":[],"product_cat":[71,69],"product_tag":[],"class_list":{"0":"post-779","1":"product","2":"type-product","3":"status-publish","4":"has-post-thumbnail","6":"product_cat-computacion","7":"product_cat-electronica","9":"first","10":"instock","11":"shipping-taxable","12":"purchasable","13":"product-type-simple"},"_links":{"self":[{"href":"https:\/\/musicvision.cl\/es\/wp-json\/wp\/v2\/product\/779","targetHints":{"allow":["GET"]}}],"collection":[{"href":"https:\/\/musicvision.cl\/es\/wp-json\/wp\/v2\/product"}],"about":[{"href":"https:\/\/musicvision.cl\/es\/wp-json\/wp\/v2\/types\/product"}],"wp:featuredmedia":[{"embeddable":true,"href":"https:\/\/musicvision.cl\/es\/wp-json\/wp\/v2\/media\/767"}],"wp:attachment":[{"href":"https:\/\/musicvision.cl\/es\/wp-json\/wp\/v2\/media?parent=779"}],"wp:term":[{"taxonomy":"product_brand","embeddable":true,"href":"https:\/\/musicvision.cl\/es\/wp-json\/wp\/v2\/product_brand?post=779"},{"taxonomy":"product_cat","embeddable":true,"href":"https:\/\/musicvision.cl\/es\/wp-json\/wp\/v2\/product_cat?post=779"},{"taxonomy":"product_tag","embeddable":true,"href":"https:\/\/musicvision.cl\/es\/wp-json\/wp\/v2\/product_tag?post=779"}],"curies":[{"name":"wp","href":"https:\/\/api.w.org\/{rel}","templated":true}]}}