{"id":784,"date":"2025-12-04T20:41:23","date_gmt":"2025-12-04T20:41:23","guid":{"rendered":"https:\/\/musicvision.cl\/?post_type=product&#038;p=784"},"modified":"2025-12-27T19:05:49","modified_gmt":"2025-12-27T19:05:49","slug":"teclado-electronico-infantil-dblue-61-teclas-con-mic","status":"publish","type":"product","link":"https:\/\/musicvision.cl\/es\/producto\/teclado-electronico-infantil-dblue-61-teclas-con-mic\/","title":{"rendered":"Teclado Electronico Infantil Dblue 61 Teclas Con Mic"},"content":{"rendered":"<p>Mejora tus habilidades, explora nuevos sonidos y deja fluir tu creatividad. \u00a1Llena tu vida de m\u00fasica!.Pasa al siguiente nivel. Con sus 61 teclas, podr\u00e1s tocar una amplia variedad de obras y sumergirte en el mundo del int\u00e9rprete musical. Ideal para niveles intermedios que quieren superarse y seguir el camino de los grandes m\u00fasicos. Disfruta de un gran banco de estilos y ritmos musicales. D\u00e9jate guiar y an\u00edmate a improvisar sobre las pistas.NO INCLUYE NI CARGADOR NI PILAS<\/p>","protected":false},"excerpt":{"rendered":"<p>Mejora tus habilidades, explora nuevos sonidos y deja fluir tu creatividad. \u00a1Llena tu vida de m\u00fasica!.Pasa al siguiente nivel. Con sus 61 teclas, podr\u00e1s tocar una amplia variedad de obras y sumergirte en el mundo del int\u00e9rprete musical. Ideal para niveles intermedios que quieren superarse y seguir el camino de los grandes m\u00fasicos. Disfruta de un gran banco de estilos y ritmos musicales. D\u00e9jate guiar y an\u00edmate a improvisar sobre las pistas.NO INCLUYE NI CARGADOR NI PILAS<\/p>","protected":false},"featured_media":788,"template":"","meta":[],"product_brand":[],"product_cat":[75,70],"product_tag":[],"class_list":{"0":"post-784","1":"product","2":"type-product","3":"status-publish","4":"has-post-thumbnail","6":"product_cat-instrumentos","7":"product_cat-musica","9":"first","10":"outofstock","11":"shipping-taxable","12":"purchasable","13":"product-type-simple"},"_links":{"self":[{"href":"https:\/\/musicvision.cl\/es\/wp-json\/wp\/v2\/product\/784","targetHints":{"allow":["GET"]}}],"collection":[{"href":"https:\/\/musicvision.cl\/es\/wp-json\/wp\/v2\/product"}],"about":[{"href":"https:\/\/musicvision.cl\/es\/wp-json\/wp\/v2\/types\/product"}],"wp:featuredmedia":[{"embeddable":true,"href":"https:\/\/musicvision.cl\/es\/wp-json\/wp\/v2\/media\/788"}],"wp:attachment":[{"href":"https:\/\/musicvision.cl\/es\/wp-json\/wp\/v2\/media?parent=784"}],"wp:term":[{"taxonomy":"product_brand","embeddable":true,"href":"https:\/\/musicvision.cl\/es\/wp-json\/wp\/v2\/product_brand?post=784"},{"taxonomy":"product_cat","embeddable":true,"href":"https:\/\/musicvision.cl\/es\/wp-json\/wp\/v2\/product_cat?post=784"},{"taxonomy":"product_tag","embeddable":true,"href":"https:\/\/musicvision.cl\/es\/wp-json\/wp\/v2\/product_tag?post=784"}],"curies":[{"name":"wp","href":"https:\/\/api.w.org\/{rel}","templated":true}]}}