{"id":789,"date":"2025-12-04T20:45:05","date_gmt":"2025-12-04T20:45:05","guid":{"rendered":"https:\/\/musicvision.cl\/?post_type=product&#038;p=789"},"modified":"2026-01-03T20:50:07","modified_gmt":"2026-01-03T20:50:07","slug":"atril-soporte-de-guitarra-acustica-clasica-electrica-bajo-hendrix","status":"publish","type":"product","link":"https:\/\/musicvision.cl\/es\/producto\/atril-soporte-de-guitarra-acustica-clasica-electrica-bajo-hendrix\/","title":{"rendered":"Atril Soporte De Guitarra Ac\u00fastica, Cl\u00e1sica, El\u00e9ctrica, Bajo HENDRIX"},"content":{"rendered":"<p>El atril de guitarra est\u00e1 fabricado en material lo suficientemente resistente como para soportar el peso la guitarra el\u00e9ctrica, ac\u00fastica, o el bajo el\u00e9ctrico. El atril se regula en altura para el soporte perfecto seg\u00fan el instrumento, tambi\u00e9n cuenta con un soporte superior donde descansa el m\u00e1stil del instrumento, con seguro frontal incorporado para evitar tropezones o que el instrumento se deslice y caiga por accidente. Tiene soportes acolchados en todas las partes donde hay contacto con el instrumento para protegerlo de rayones y maltratos. Tambi\u00e9n cuenta con patas engomadas para proteger tus pisos.<\/p>","protected":false},"excerpt":{"rendered":"<p>El atril de guitarra est\u00e1 fabricado en material lo suficientemente resistente como para soportar el peso la guitarra el\u00e9ctrica, ac\u00fastica, o el bajo el\u00e9ctrico. El atril se regula en altura para el soporte perfecto seg\u00fan el instrumento, tambi\u00e9n cuenta con un soporte superior donde descansa el m\u00e1stil del instrumento, con seguro frontal incorporado para evitar tropezones o que el instrumento se deslice y caiga por accidente. Tiene soportes acolchados en todas las partes donde hay contacto con el instrumento para protegerlo de rayones y maltratos. Tambi\u00e9n cuenta con patas engomadas para proteger tus pisos.<\/p>","protected":false},"featured_media":787,"template":"","meta":[],"product_brand":[],"product_cat":[72,75,70],"product_tag":[],"class_list":{"0":"post-789","1":"product","2":"type-product","3":"status-publish","4":"has-post-thumbnail","6":"product_cat-cuerdas","7":"product_cat-instrumentos","8":"product_cat-musica","10":"first","11":"instock","12":"shipping-taxable","13":"purchasable","14":"product-type-simple"},"_links":{"self":[{"href":"https:\/\/musicvision.cl\/es\/wp-json\/wp\/v2\/product\/789","targetHints":{"allow":["GET"]}}],"collection":[{"href":"https:\/\/musicvision.cl\/es\/wp-json\/wp\/v2\/product"}],"about":[{"href":"https:\/\/musicvision.cl\/es\/wp-json\/wp\/v2\/types\/product"}],"wp:featuredmedia":[{"embeddable":true,"href":"https:\/\/musicvision.cl\/es\/wp-json\/wp\/v2\/media\/787"}],"wp:attachment":[{"href":"https:\/\/musicvision.cl\/es\/wp-json\/wp\/v2\/media?parent=789"}],"wp:term":[{"taxonomy":"product_brand","embeddable":true,"href":"https:\/\/musicvision.cl\/es\/wp-json\/wp\/v2\/product_brand?post=789"},{"taxonomy":"product_cat","embeddable":true,"href":"https:\/\/musicvision.cl\/es\/wp-json\/wp\/v2\/product_cat?post=789"},{"taxonomy":"product_tag","embeddable":true,"href":"https:\/\/musicvision.cl\/es\/wp-json\/wp\/v2\/product_tag?post=789"}],"curies":[{"name":"wp","href":"https:\/\/api.w.org\/{rel}","templated":true}]}}