{"id":815,"date":"2026-01-10T18:52:03","date_gmt":"2026-01-10T18:52:03","guid":{"rendered":"https:\/\/musicvision.cl\/?post_type=product&#038;p=815"},"modified":"2026-01-10T18:52:03","modified_gmt":"2026-01-10T18:52:03","slug":"cable-tipo-c-a-c-68w-solma-modelo-sl-c232-negro","status":"publish","type":"product","link":"https:\/\/musicvision.cl\/es\/producto\/cable-tipo-c-a-c-68w-solma-modelo-sl-c232-negro\/","title":{"rendered":"Cable Tipo C A C 68w. Solma Modelo Sl-c232 Negro"},"content":{"rendered":"<p>El Cable Tipo C A C de Solma, modelo SL-C232, dise\u00f1ado para satisfacer las necesidades de conectividad de los usuarios modernos. Con un largo de 1 metro, este cable ofrece la flexibilidad necesaria para un uso c\u00f3modo y eficaz en diversas situaciones. Su conector de entrada y salida Tipo C garantiza una transferencia de datos r\u00e1pida y eficiente. Ideal para cargar dispositivos o transferir archivos, este cable es compatible con productos de la misma marca, asegurando un rendimiento \u00f3ptimo y confiable. Perfecto para quienes buscan un aliado en su d\u00eda a d\u00eda, el cable Solma SL-C232 se adapta a m\u00faltiples dispositivos, lo que lo convierte en una opci\u00f3n pr\u00e1ctica para llevar en la mochila, el bolso o tener en casa. Mejora tu experiencia de conexi\u00f3n con un producto que combina durabilidad y funcionalidad en cada uso.<\/p>","protected":false},"excerpt":{"rendered":"<p>Presentamos el Cable Tipo C A C de Solma, modelo SL-C232, dise\u00f1ado para satisfacer las necesidades de conectividad de los usuarios modernos. Con un largo de 1 metro, este cable ofrece la flexibilidad necesaria para un uso c\u00f3modo y eficaz en diversas situaciones. Su conector de entrada y salida Tipo C garantiza una transferencia de datos r\u00e1pida y eficiente. Ideal para cargar dispositivos o transferir archivos, este cable es compatible con productos de la misma marca, asegurando un rendimiento \u00f3ptimo y confiable. Perfecto para quienes buscan un aliado en su d\u00eda a d\u00eda, el cable Solma SL-C232 se adapta a m\u00faltiples dispositivos, lo que lo convierte en una opci\u00f3n pr\u00e1ctica para llevar en la mochila, el bolso o tener en casa. Mejora tu experiencia de conexi\u00f3n con un producto que combina durabilidad y funcionalidad en cada uso.<\/p>","protected":false},"featured_media":816,"template":"","meta":[],"product_brand":[],"product_cat":[83,77],"product_tag":[],"class_list":{"0":"post-815","1":"product","2":"type-product","3":"status-publish","4":"has-post-thumbnail","6":"product_cat-accesorios-celulares","7":"product_cat-telefonia","9":"first","10":"instock","11":"shipping-taxable","12":"purchasable","13":"product-type-simple"},"_links":{"self":[{"href":"https:\/\/musicvision.cl\/es\/wp-json\/wp\/v2\/product\/815","targetHints":{"allow":["GET"]}}],"collection":[{"href":"https:\/\/musicvision.cl\/es\/wp-json\/wp\/v2\/product"}],"about":[{"href":"https:\/\/musicvision.cl\/es\/wp-json\/wp\/v2\/types\/product"}],"wp:featuredmedia":[{"embeddable":true,"href":"https:\/\/musicvision.cl\/es\/wp-json\/wp\/v2\/media\/816"}],"wp:attachment":[{"href":"https:\/\/musicvision.cl\/es\/wp-json\/wp\/v2\/media?parent=815"}],"wp:term":[{"taxonomy":"product_brand","embeddable":true,"href":"https:\/\/musicvision.cl\/es\/wp-json\/wp\/v2\/product_brand?post=815"},{"taxonomy":"product_cat","embeddable":true,"href":"https:\/\/musicvision.cl\/es\/wp-json\/wp\/v2\/product_cat?post=815"},{"taxonomy":"product_tag","embeddable":true,"href":"https:\/\/musicvision.cl\/es\/wp-json\/wp\/v2\/product_tag?post=815"}],"curies":[{"name":"wp","href":"https:\/\/api.w.org\/{rel}","templated":true}]}}