{"id":819,"date":"2026-01-10T19:15:21","date_gmt":"2026-01-10T19:15:21","guid":{"rendered":"https:\/\/musicvision.cl\/?post_type=product&#038;p=819"},"modified":"2026-01-10T19:15:21","modified_gmt":"2026-01-10T19:15:21","slug":"cable-para-telefono-tipo-c-vidvie-2-4-a-5v-negro","status":"publish","type":"product","link":"https:\/\/musicvision.cl\/es\/producto\/cable-para-telefono-tipo-c-vidvie-2-4-a-5v-negro\/","title":{"rendered":"Cable Para Tel\u00e9fono Tipo C Vidvie 2.4 A 5v Negro"},"content":{"rendered":"<p>El cable Vidvie CB4049T es la soluci\u00f3n ideal para tus necesidades de carga y transferencia de datos. Con un largo de 1 metro, su dise\u00f1o combina funcionalidad y est\u00e9tica, adapt\u00e1ndose perfectamente a cualquier entorno. Este cable es compatible con dispositivos de marcas reconocidas como HUAWEI, Samsung y Xiaomi, garantizando una conexi\u00f3n fluida y eficiente en dispositivos con entrada tipo-C. El conector USB asegura una interfaz universal, permitiendo una f\u00e1cil conexi\u00f3n a cualquier fuente de alimentaci\u00f3n. Ya sea que necesites cargar tu smartphone o transferir archivos, el cable Vidvie CB4049T te proporciona una experiencia confiable. Su confecci\u00f3n de calidad reduce la posibilidad de enredos, asegurando que siempre est\u00e9 listo para usar. Con un peso ligero de 30 g y dimensiones compactas en su empaque, este cable es f\u00e1cil de transportar y almacenar. Gracias a su dise\u00f1o duradero, podr\u00e1s disfrutar de su funcionalidad prolongada sin preocuparte por el desgaste. La elecci\u00f3n del cable Vidvie CB4049T representa una inversi\u00f3n inteligente en tecnolog\u00eda de carga y datos.<\/p>","protected":false},"excerpt":{"rendered":"<p>El cable Vidvie CB4049T es la soluci\u00f3n ideal para tus necesidades de carga y transferencia de datos. Con un largo de 1 metro, su dise\u00f1o combina funcionalidad y est\u00e9tica, adapt\u00e1ndose perfectamente a cualquier entorno. Este cable es compatible con dispositivos de marcas reconocidas como HUAWEI, Samsung y Xiaomi, garantizando una conexi\u00f3n fluida y eficiente en dispositivos con entrada tipo-C. El conector USB asegura una interfaz universal, permitiendo una f\u00e1cil conexi\u00f3n a cualquier fuente de alimentaci\u00f3n. Ya sea que necesites cargar tu smartphone o transferir archivos, el cable Vidvie CB4049T te proporciona una experiencia confiable. Su confecci\u00f3n de calidad reduce la posibilidad de enredos, asegurando que siempre est\u00e9 listo para usar. Con un peso ligero de 30 g y dimensiones compactas en su empaque, este cable es f\u00e1cil de transportar y almacenar. Gracias a su dise\u00f1o duradero, podr\u00e1s disfrutar de su funcionalidad prolongada sin preocuparte por el desgaste. La elecci\u00f3n del cable Vidvie CB4049T representa una inversi\u00f3n inteligente en tecnolog\u00eda de carga y datos.<\/p>","protected":false},"featured_media":822,"template":"","meta":[],"product_brand":[],"product_cat":[83,77],"product_tag":[],"class_list":{"0":"post-819","1":"product","2":"type-product","3":"status-publish","4":"has-post-thumbnail","6":"product_cat-accesorios-celulares","7":"product_cat-telefonia","9":"first","10":"instock","11":"shipping-taxable","12":"purchasable","13":"product-type-simple"},"_links":{"self":[{"href":"https:\/\/musicvision.cl\/es\/wp-json\/wp\/v2\/product\/819","targetHints":{"allow":["GET"]}}],"collection":[{"href":"https:\/\/musicvision.cl\/es\/wp-json\/wp\/v2\/product"}],"about":[{"href":"https:\/\/musicvision.cl\/es\/wp-json\/wp\/v2\/types\/product"}],"wp:featuredmedia":[{"embeddable":true,"href":"https:\/\/musicvision.cl\/es\/wp-json\/wp\/v2\/media\/822"}],"wp:attachment":[{"href":"https:\/\/musicvision.cl\/es\/wp-json\/wp\/v2\/media?parent=819"}],"wp:term":[{"taxonomy":"product_brand","embeddable":true,"href":"https:\/\/musicvision.cl\/es\/wp-json\/wp\/v2\/product_brand?post=819"},{"taxonomy":"product_cat","embeddable":true,"href":"https:\/\/musicvision.cl\/es\/wp-json\/wp\/v2\/product_cat?post=819"},{"taxonomy":"product_tag","embeddable":true,"href":"https:\/\/musicvision.cl\/es\/wp-json\/wp\/v2\/product_tag?post=819"}],"curies":[{"name":"wp","href":"https:\/\/api.w.org\/{rel}","templated":true}]}}