{"id":828,"date":"2026-01-12T14:25:07","date_gmt":"2026-01-12T14:25:07","guid":{"rendered":"https:\/\/musicvision.cl\/?post_type=product&#038;p=828"},"modified":"2026-01-12T14:25:08","modified_gmt":"2026-01-12T14:25:08","slug":"radio-solar-recargable-fm-am-mp3-bluetooth-negro","status":"publish","type":"product","link":"https:\/\/musicvision.cl\/es\/producto\/radio-solar-recargable-fm-am-mp3-bluetooth-negro\/","title":{"rendered":"Radio Solar Recargable Fm\/am Mp3 Bluetooth Negro"},"content":{"rendered":"<ul class=\"ui-vpp-highlighted-specs__features-list\">\n<li class=\"ui-vpp-highlighted-specs__features-list-item ui-pdp-color--BLACK ui-pdp-size--XSMALL ui-pdp-family--REGULAR\">Rango de frecuencias FM: 88-108 MHz.<\/li>\n<li class=\"ui-vpp-highlighted-specs__features-list-item ui-pdp-color--BLACK ui-pdp-size--XSMALL ui-pdp-family--REGULAR\">Rango de frecuencias AM: 530-1600 kHz.<\/li>\n<li class=\"ui-vpp-highlighted-specs__features-list-item ui-pdp-color--BLACK ui-pdp-size--XSMALL ui-pdp-family--REGULAR\">Con puerto USB.<\/li>\n<li class=\"ui-vpp-highlighted-specs__features-list-item ui-pdp-color--BLACK ui-pdp-size--XSMALL ui-pdp-family--REGULAR\">Tiene entrada para tarjeta SD.<\/li>\n<li class=\"ui-vpp-highlighted-specs__features-list-item ui-pdp-color--BLACK ui-pdp-size--XSMALL ui-pdp-family--REGULAR\">Cuenta con Bluetooth.<\/li>\n<\/ul>","protected":false},"excerpt":{"rendered":"<p>Radio de emergencia, posee panel solar para recarga de bater\u00eda 18650 incorporada y reemplazable en caso de falla, la bater\u00eda se recarga tambi\u00e9n con cargador tipo c. Posee tambi\u00e9n entrada de bater\u00edas tipo D, 2 unidades las cuales no vienen incorporadas. La radio sintoniza la banda AM y FM. Puede reproducir m\u00fasica desde un pendrive, memoria micro SD o desde Bluetooth, puede enviar m\u00fasica desde su tel\u00e9fono.<\/p>","protected":false},"featured_media":829,"template":"","meta":[],"product_brand":[],"product_cat":[15,69],"product_tag":[],"class_list":{"0":"post-828","1":"product","2":"type-product","3":"status-publish","4":"has-post-thumbnail","6":"product_cat-uncategorized","7":"product_cat-electronica","9":"first","10":"instock","11":"sale","12":"shipping-taxable","13":"purchasable","14":"product-type-simple"},"_links":{"self":[{"href":"https:\/\/musicvision.cl\/es\/wp-json\/wp\/v2\/product\/828","targetHints":{"allow":["GET"]}}],"collection":[{"href":"https:\/\/musicvision.cl\/es\/wp-json\/wp\/v2\/product"}],"about":[{"href":"https:\/\/musicvision.cl\/es\/wp-json\/wp\/v2\/types\/product"}],"wp:featuredmedia":[{"embeddable":true,"href":"https:\/\/musicvision.cl\/es\/wp-json\/wp\/v2\/media\/829"}],"wp:attachment":[{"href":"https:\/\/musicvision.cl\/es\/wp-json\/wp\/v2\/media?parent=828"}],"wp:term":[{"taxonomy":"product_brand","embeddable":true,"href":"https:\/\/musicvision.cl\/es\/wp-json\/wp\/v2\/product_brand?post=828"},{"taxonomy":"product_cat","embeddable":true,"href":"https:\/\/musicvision.cl\/es\/wp-json\/wp\/v2\/product_cat?post=828"},{"taxonomy":"product_tag","embeddable":true,"href":"https:\/\/musicvision.cl\/es\/wp-json\/wp\/v2\/product_tag?post=828"}],"curies":[{"name":"wp","href":"https:\/\/api.w.org\/{rel}","templated":true}]}}