{"id":836,"date":"2026-01-12T21:01:27","date_gmt":"2026-01-12T21:01:27","guid":{"rendered":"https:\/\/musicvision.cl\/?post_type=product&#038;p=836"},"modified":"2026-01-12T21:01:27","modified_gmt":"2026-01-12T21:01:27","slug":"control-joystick-inalambrico-monster-games-double-shock-compatible-con-ps4-negro","status":"publish","type":"product","link":"https:\/\/musicvision.cl\/es\/producto\/control-joystick-inalambrico-monster-games-double-shock-compatible-con-ps4-negro\/","title":{"rendered":"Control Joystick Inal\u00e1mbrico Monster Games Double shock compatible con PS4 negro"},"content":{"rendered":"<ul class=\"ui-vpp-highlighted-specs__features-list\">\n<li class=\"ui-vpp-highlighted-specs__features-list-item ui-pdp-color--BLACK ui-pdp-size--XSMALL ui-pdp-family--REGULAR\">Unidades por pack: 1.<\/li>\n<li class=\"ui-vpp-highlighted-specs__features-list-item ui-pdp-color--BLACK ui-pdp-size--XSMALL ui-pdp-family--REGULAR\">Cuenta con Bluetooth.<\/li>\n<li class=\"ui-vpp-highlighted-specs__features-list-item ui-pdp-color--BLACK ui-pdp-size--XSMALL ui-pdp-family--REGULAR\">Pantalla t\u00e1ctil.<\/li>\n<li class=\"ui-vpp-highlighted-specs__features-list-item ui-pdp-color--BLACK ui-pdp-size--XSMALL ui-pdp-family--REGULAR\">Mando inal\u00e1mbrico.<\/li>\n<li class=\"ui-vpp-highlighted-specs__features-list-item ui-pdp-color--BLACK ui-pdp-size--XSMALL ui-pdp-family--REGULAR\">Compatible con: PlayStation 4.<\/li>\n<li class=\"ui-vpp-highlighted-specs__features-list-item ui-pdp-color--BLACK ui-pdp-size--XSMALL ui-pdp-family--REGULAR\">Con sistema de vibraci\u00f3n incorporado.<\/li>\n<li class=\"ui-vpp-highlighted-specs__features-list-item ui-pdp-color--BLACK ui-pdp-size--XSMALL ui-pdp-family--REGULAR\">Cuenta con 1 cable de carga.<\/li>\n<li class=\"ui-vpp-highlighted-specs__features-list-item ui-pdp-color--BLACK ui-pdp-size--XSMALL ui-pdp-family--REGULAR\">Diversi\u00f3n garantizada con tu joystick Monster Games.<\/li>\n<li class=\"ui-vpp-highlighted-specs__features-list-item ui-pdp-color--BLACK ui-pdp-size--XSMALL ui-pdp-family--REGULAR\">Dise\u00f1o ergon\u00f3mico.<\/li>\n<\/ul>","protected":false},"excerpt":{"rendered":"<p>\u00a1Nuevo control inal\u00e1mbrico para PS4 Disfruta de la libertad total con este control original que incluye: Bater\u00eda recargable de 400 mAh Conexi\u00f3n de aud\u00edfonos de 3.5 mm Se puede ocupar en otros dispositivos con Bluetooth como tel\u00e9fonos, computadores, tabletas Alcance de hasta 10 metros Carga f\u00e1cil con cable micro USB \u00a1Mejora tu experiencia de juego hoy mismo! Dimensi\u00f3n adicional para tus juegos Con pantalla t\u00e1ctil, mucho m\u00e1s conveniente y f\u00e1cil de usar.<\/p>","protected":false},"featured_media":837,"template":"","meta":[],"product_brand":[],"product_cat":[69],"product_tag":[],"class_list":{"0":"post-836","1":"product","2":"type-product","3":"status-publish","4":"has-post-thumbnail","6":"product_cat-electronica","8":"first","9":"instock","10":"sale","11":"shipping-taxable","12":"purchasable","13":"product-type-simple"},"_links":{"self":[{"href":"https:\/\/musicvision.cl\/es\/wp-json\/wp\/v2\/product\/836","targetHints":{"allow":["GET"]}}],"collection":[{"href":"https:\/\/musicvision.cl\/es\/wp-json\/wp\/v2\/product"}],"about":[{"href":"https:\/\/musicvision.cl\/es\/wp-json\/wp\/v2\/types\/product"}],"wp:featuredmedia":[{"embeddable":true,"href":"https:\/\/musicvision.cl\/es\/wp-json\/wp\/v2\/media\/837"}],"wp:attachment":[{"href":"https:\/\/musicvision.cl\/es\/wp-json\/wp\/v2\/media?parent=836"}],"wp:term":[{"taxonomy":"product_brand","embeddable":true,"href":"https:\/\/musicvision.cl\/es\/wp-json\/wp\/v2\/product_brand?post=836"},{"taxonomy":"product_cat","embeddable":true,"href":"https:\/\/musicvision.cl\/es\/wp-json\/wp\/v2\/product_cat?post=836"},{"taxonomy":"product_tag","embeddable":true,"href":"https:\/\/musicvision.cl\/es\/wp-json\/wp\/v2\/product_tag?post=836"}],"curies":[{"name":"wp","href":"https:\/\/api.w.org\/{rel}","templated":true}]}}