{"id":844,"date":"2026-01-13T15:39:45","date_gmt":"2026-01-13T15:39:45","guid":{"rendered":"https:\/\/musicvision.cl\/?post_type=product&#038;p=844"},"modified":"2026-01-13T15:39:45","modified_gmt":"2026-01-13T15:39:45","slug":"aceite-para-trompetas","status":"publish","type":"product","link":"https:\/\/musicvision.cl\/es\/producto\/aceite-para-trompetas\/","title":{"rendered":"Aceite Para Trompetas"},"content":{"rendered":"<p>El Aceite de Trompetas Vale Oil de FONDA es un lubricante inodoro. Perfectamente dise\u00f1ado para lubricar las v\u00e1lvulas de los instrumentos, este aceite no se pega ni se separa. Independientemente de las condiciones clim\u00e1ticas, este aceite mantiene la forma y se puede confiar en \u00e9l cuando viaja hacia y desde ensayos y actuaciones.<\/p>","protected":false},"excerpt":{"rendered":"<p>El Aceite de Trompetas Vale Oil de FONDA es un lubricante inodoro. Perfectamente dise\u00f1ado para lubricar las v\u00e1lvulas de los instrumentos, este aceite no se pega ni se separa. Independientemente de las condiciones clim\u00e1ticas, este aceite mantiene la forma y se puede confiar en \u00e9l cuando viaja hacia y desde ensayos y actuaciones.<\/p>","protected":false},"featured_media":845,"template":"","meta":[],"product_brand":[],"product_cat":[75,70],"product_tag":[],"class_list":{"0":"post-844","1":"product","2":"type-product","3":"status-publish","4":"has-post-thumbnail","6":"product_cat-instrumentos","7":"product_cat-musica","9":"first","10":"instock","11":"shipping-taxable","12":"purchasable","13":"product-type-simple"},"_links":{"self":[{"href":"https:\/\/musicvision.cl\/es\/wp-json\/wp\/v2\/product\/844","targetHints":{"allow":["GET"]}}],"collection":[{"href":"https:\/\/musicvision.cl\/es\/wp-json\/wp\/v2\/product"}],"about":[{"href":"https:\/\/musicvision.cl\/es\/wp-json\/wp\/v2\/types\/product"}],"wp:featuredmedia":[{"embeddable":true,"href":"https:\/\/musicvision.cl\/es\/wp-json\/wp\/v2\/media\/845"}],"wp:attachment":[{"href":"https:\/\/musicvision.cl\/es\/wp-json\/wp\/v2\/media?parent=844"}],"wp:term":[{"taxonomy":"product_brand","embeddable":true,"href":"https:\/\/musicvision.cl\/es\/wp-json\/wp\/v2\/product_brand?post=844"},{"taxonomy":"product_cat","embeddable":true,"href":"https:\/\/musicvision.cl\/es\/wp-json\/wp\/v2\/product_cat?post=844"},{"taxonomy":"product_tag","embeddable":true,"href":"https:\/\/musicvision.cl\/es\/wp-json\/wp\/v2\/product_tag?post=844"}],"curies":[{"name":"wp","href":"https:\/\/api.w.org\/{rel}","templated":true}]}}