{"id":847,"date":"2026-01-13T15:49:26","date_gmt":"2026-01-13T15:49:26","guid":{"rendered":"https:\/\/musicvision.cl\/?post_type=product&#038;p=847"},"modified":"2026-01-13T15:49:26","modified_gmt":"2026-01-13T15:49:26","slug":"acordeon-de-ninos-7-teclas-rojo-brillante","status":"publish","type":"product","link":"https:\/\/musicvision.cl\/es\/producto\/acordeon-de-ninos-7-teclas-rojo-brillante\/","title":{"rendered":"Acorde\u00f3n De Ni\u00f1os 7 Teclas Rojo Brillante"},"content":{"rendered":"<ul class=\"ui-vpp-highlighted-specs__features-list\">\n<li class=\"ui-vpp-highlighted-specs__features-list-item ui-pdp-color--BLACK ui-pdp-size--XSMALL ui-pdp-family--REGULAR\">Acabado del cuerpo: Brillante.<\/li>\n<li class=\"ui-vpp-highlighted-specs__features-list-item ui-pdp-color--BLACK ui-pdp-size--XSMALL ui-pdp-family--REGULAR\">Dimensiones compactas de 18x10x17 cm, ideales para manos peque\u00f1as.<\/li>\n<li class=\"ui-vpp-highlighted-specs__features-list-item ui-pdp-color--BLACK ui-pdp-size--XSMALL ui-pdp-family--REGULAR\">Peso ligero de solo 700 gramos para f\u00e1cil manipulaci\u00f3n.<\/li>\n<li class=\"ui-vpp-highlighted-specs__features-list-item ui-pdp-color--BLACK ui-pdp-size--XSMALL ui-pdp-family--REGULAR\">7 teclas que permiten explorar una variedad de sonidos.<\/li>\n<li class=\"ui-vpp-highlighted-specs__features-list-item ui-pdp-color--BLACK ui-pdp-size--XSMALL ui-pdp-family--REGULAR\">2 botones de bajos para enriquecer la experiencia musical.<\/li>\n<\/ul>","protected":false},"excerpt":{"rendered":"<p>Descubre el Mini Acorde\u00f3n Para Ni\u00f1os, dise\u00f1ado especialmente para peque\u00f1os m\u00fasicos a partir de los 5 a\u00f1os. Este encantador acorde\u00f3n cuenta con un acabado brillante que atraer\u00e1 la atenci\u00f3n de los ni\u00f1os, fomentando su inter\u00e9s por la m\u00fasica. Con 2 botones de bajos y 7 teclas, los ni\u00f1os podr\u00e1n explorar una variedad de sonidos y desarrollar su creatividad musical. Su dise\u00f1o compacto, con dimensiones de 18x10x17 cm y un peso de solo 700 gramos, lo hace perfecto para que los m\u00e1s peque\u00f1os lo manipulen con facilidad. Aunque no incluye estuche, su robustez garantiza que resistir\u00e1 el uso diario. Este acorde\u00f3n es un regalo ideal para estimular la imaginaci\u00f3n y el amor por la m\u00fasica en los ni\u00f1os, convirti\u00e9ndose en el compa\u00f1ero perfecto para sus primeras melod\u00edas. \u00a1Deja que la m\u00fasica comience con el Mini Acorde\u00f3n<\/p>","protected":false},"featured_media":848,"template":"","meta":[],"product_brand":[],"product_cat":[75,70],"product_tag":[],"class_list":{"0":"post-847","1":"product","2":"type-product","3":"status-publish","4":"has-post-thumbnail","6":"product_cat-instrumentos","7":"product_cat-musica","9":"first","10":"instock","11":"sale","12":"shipping-taxable","13":"purchasable","14":"product-type-simple"},"_links":{"self":[{"href":"https:\/\/musicvision.cl\/es\/wp-json\/wp\/v2\/product\/847","targetHints":{"allow":["GET"]}}],"collection":[{"href":"https:\/\/musicvision.cl\/es\/wp-json\/wp\/v2\/product"}],"about":[{"href":"https:\/\/musicvision.cl\/es\/wp-json\/wp\/v2\/types\/product"}],"wp:featuredmedia":[{"embeddable":true,"href":"https:\/\/musicvision.cl\/es\/wp-json\/wp\/v2\/media\/848"}],"wp:attachment":[{"href":"https:\/\/musicvision.cl\/es\/wp-json\/wp\/v2\/media?parent=847"}],"wp:term":[{"taxonomy":"product_brand","embeddable":true,"href":"https:\/\/musicvision.cl\/es\/wp-json\/wp\/v2\/product_brand?post=847"},{"taxonomy":"product_cat","embeddable":true,"href":"https:\/\/musicvision.cl\/es\/wp-json\/wp\/v2\/product_cat?post=847"},{"taxonomy":"product_tag","embeddable":true,"href":"https:\/\/musicvision.cl\/es\/wp-json\/wp\/v2\/product_tag?post=847"}],"curies":[{"name":"wp","href":"https:\/\/api.w.org\/{rel}","templated":true}]}}