{"id":855,"date":"2026-01-13T18:26:45","date_gmt":"2026-01-13T18:26:45","guid":{"rendered":"https:\/\/musicvision.cl\/?post_type=product&#038;p=855"},"modified":"2026-01-13T18:26:45","modified_gmt":"2026-01-13T18:26:45","slug":"amplificador-de-guitarra-parlante-40w-y-microfono-negro","status":"publish","type":"product","link":"https:\/\/musicvision.cl\/es\/producto\/amplificador-de-guitarra-parlante-40w-y-microfono-negro\/","title":{"rendered":"Amplificador De Guitarra Parlante 40w Y Micr\u00f3fono Negro"},"content":{"rendered":"<ul class=\"ui-vpp-highlighted-specs__features-list\">\n<li class=\"ui-vpp-highlighted-specs__features-list-item ui-pdp-color--BLACK ui-pdp-size--XSMALL ui-pdp-family--REGULAR\">Voltaje: 220V<\/li>\n<li class=\"ui-vpp-highlighted-specs__features-list-item ui-pdp-color--BLACK ui-pdp-size--XSMALL ui-pdp-family--REGULAR\">Tiene 1 canal.<\/li>\n<li class=\"ui-vpp-highlighted-specs__features-list-item ui-pdp-color--BLACK ui-pdp-size--XSMALL ui-pdp-family--REGULAR\">Potencia de salida 40 W.<\/li>\n<li class=\"ui-vpp-highlighted-specs__features-list-item ui-pdp-color--BLACK ui-pdp-size--XSMALL ui-pdp-family--REGULAR\">Pesa 5\u00a0kg.<\/li>\n<li class=\"ui-vpp-highlighted-specs__features-list-item ui-pdp-color--BLACK ui-pdp-size--XSMALL ui-pdp-family--REGULAR\">Dimensiones: 29\u00a0cm de alto x 40\u00a0cm de ancho x 32\u00a0cm de profundidad.<\/li>\n<\/ul>","protected":false},"excerpt":{"rendered":"<p>Amplificador De Guitarra Parlante Mlab 40w 8 Pulgadas Con Microfono Inalambrico Est\u00e9s donde est\u00e9s, con\u00e9ctate f\u00e1cil y r\u00e1pido con tu smartphone o tablet, v\u00eda conexi\u00f3n Bluetooth, para reproducir tus temas preferidos de forma inal\u00e1mbrica. Con su sonido potente y claro, disfruta de la mejor m\u00fasica. Este altavoz de dise\u00f1o compacto y port\u00e1til ser\u00e1 el acompa\u00f1ante ideal para tus juntas, con amigos o familiares. -AUX In Reproduce audio desde fuentes externas. -Slot Memorias Tu m\u00fasica desde pendrives o tarj. de memoria. -Radio FM Disfruta de tus estaciones favoritas. -Control Bass Bajos acentuados. -Entrada Guitarra 6.3mm -True Wireless Stereo Conecta dos unidades de forma inal\u00e1mbrica. -Bater\u00eda recargable reproduce tu m\u00fasica, durante largas horas. Caracter\u00edsticas t\u00e9cnicas: \u2022 Potencia: 40W \u2022 Tama\u00f1o del driver: 8 pulgadas \u2022 Bluetooth \u2022 Rango BT 10mts (*) \u2022 Conexi\u00f3n TWS \u2022 Radio FM: 87.5-108.0MHz \u2022 Slot: USB \/ TF ( m\u00e1x 32Gb) \u2022 Entrada AUX 3.5mm \u2022 Slot 6.3mm micr\u00f3fono \u2022 S\/N Ratio: 90dB \u2022 Respuesta Freq.:120Hz-20KHz \u2022 Bater\u00eda Li-ion recargable \u2022 Tiempo de carga: 3Hrs (aprox.) \u2022 Incluye control remoto \u2022 Micr\u00f3fono Inal\u00e1mbrico<\/p>","protected":false},"featured_media":856,"template":"","meta":[],"product_brand":[],"product_cat":[68,70,85],"product_tag":[],"class_list":{"0":"post-855","1":"product","2":"type-product","3":"status-publish","4":"has-post-thumbnail","6":"product_cat-audio","7":"product_cat-musica","8":"product_cat-parlantes","10":"first","11":"instock","12":"sale","13":"shipping-taxable","14":"purchasable","15":"product-type-simple"},"_links":{"self":[{"href":"https:\/\/musicvision.cl\/es\/wp-json\/wp\/v2\/product\/855","targetHints":{"allow":["GET"]}}],"collection":[{"href":"https:\/\/musicvision.cl\/es\/wp-json\/wp\/v2\/product"}],"about":[{"href":"https:\/\/musicvision.cl\/es\/wp-json\/wp\/v2\/types\/product"}],"wp:featuredmedia":[{"embeddable":true,"href":"https:\/\/musicvision.cl\/es\/wp-json\/wp\/v2\/media\/856"}],"wp:attachment":[{"href":"https:\/\/musicvision.cl\/es\/wp-json\/wp\/v2\/media?parent=855"}],"wp:term":[{"taxonomy":"product_brand","embeddable":true,"href":"https:\/\/musicvision.cl\/es\/wp-json\/wp\/v2\/product_brand?post=855"},{"taxonomy":"product_cat","embeddable":true,"href":"https:\/\/musicvision.cl\/es\/wp-json\/wp\/v2\/product_cat?post=855"},{"taxonomy":"product_tag","embeddable":true,"href":"https:\/\/musicvision.cl\/es\/wp-json\/wp\/v2\/product_tag?post=855"}],"curies":[{"name":"wp","href":"https:\/\/api.w.org\/{rel}","templated":true}]}}