{"id":867,"date":"2026-01-14T14:11:07","date_gmt":"2026-01-14T14:11:07","guid":{"rendered":"https:\/\/musicvision.cl\/?post_type=product&#038;p=867"},"modified":"2026-01-14T14:11:08","modified_gmt":"2026-01-14T14:11:08","slug":"linterna-led-tactica-recargable-dblue","status":"publish","type":"product","link":"https:\/\/musicvision.cl\/es\/producto\/linterna-led-tactica-recargable-dblue\/","title":{"rendered":"Linterna Led T\u00e1ctica Recargable Dblue"},"content":{"rendered":"<ul class=\"ui-vpp-highlighted-specs__features-list\">\n<li class=\"ui-vpp-highlighted-specs__features-list-item ui-pdp-color--BLACK ui-pdp-size--XSMALL ui-pdp-family--REGULAR\">Color de la luz: Blanco.<\/li>\n<li class=\"ui-vpp-highlighted-specs__features-list-item ui-pdp-color--BLACK ui-pdp-size--XSMALL ui-pdp-family--REGULAR\">Tipo de alimentaci\u00f3n: bater\u00eda.<\/li>\n<li class=\"ui-vpp-highlighted-specs__features-list-item ui-pdp-color--BLACK ui-pdp-size--XSMALL ui-pdp-family--REGULAR\">Tipo de luz: led.<\/li>\n<\/ul>","protected":false},"excerpt":{"rendered":"<p>Disfruta de contar con la linterna ideal para todas tus necesidades. Fabricada con materiales resistentes y de calidad se adaptar\u00e1 a todas las situaciones en las que necesites contar con buena iluminaci\u00f3n. Precisi\u00f3n y \u00f3ptima visi\u00f3n Con las linternas t\u00e1cticas podr\u00e1s tener un panorama s\u00faper claro en situaciones de mucha oscuridad y contar con una precisi\u00f3n inmejorable.<\/p>","protected":false},"featured_media":868,"template":"","meta":[],"product_brand":[],"product_cat":[69,87],"product_tag":[],"class_list":{"0":"post-867","1":"product","2":"type-product","3":"status-publish","4":"has-post-thumbnail","6":"product_cat-electronica","7":"product_cat-linternas","9":"first","10":"instock","11":"sale","12":"shipping-taxable","13":"purchasable","14":"product-type-simple"},"_links":{"self":[{"href":"https:\/\/musicvision.cl\/es\/wp-json\/wp\/v2\/product\/867","targetHints":{"allow":["GET"]}}],"collection":[{"href":"https:\/\/musicvision.cl\/es\/wp-json\/wp\/v2\/product"}],"about":[{"href":"https:\/\/musicvision.cl\/es\/wp-json\/wp\/v2\/types\/product"}],"wp:featuredmedia":[{"embeddable":true,"href":"https:\/\/musicvision.cl\/es\/wp-json\/wp\/v2\/media\/868"}],"wp:attachment":[{"href":"https:\/\/musicvision.cl\/es\/wp-json\/wp\/v2\/media?parent=867"}],"wp:term":[{"taxonomy":"product_brand","embeddable":true,"href":"https:\/\/musicvision.cl\/es\/wp-json\/wp\/v2\/product_brand?post=867"},{"taxonomy":"product_cat","embeddable":true,"href":"https:\/\/musicvision.cl\/es\/wp-json\/wp\/v2\/product_cat?post=867"},{"taxonomy":"product_tag","embeddable":true,"href":"https:\/\/musicvision.cl\/es\/wp-json\/wp\/v2\/product_tag?post=867"}],"curies":[{"name":"wp","href":"https:\/\/api.w.org\/{rel}","templated":true}]}}