{"id":870,"date":"2026-01-14T14:24:53","date_gmt":"2026-01-14T14:24:53","guid":{"rendered":"https:\/\/musicvision.cl\/?post_type=product&#038;p=870"},"modified":"2026-04-06T16:27:22","modified_gmt":"2026-04-06T16:27:22","slug":"mini-ventilador-de-mano-portatil-recargable-5-velocidades","status":"publish","type":"product","link":"https:\/\/musicvision.cl\/es\/producto\/mini-ventilador-de-mano-portatil-recargable-5-velocidades\/","title":{"rendered":"Mini Ventilador De Mano Port\u00e1til Recargable 5 Velocidades"},"content":{"rendered":"<p>Descubre el Mini ventilador de mano port\u00e1til recargable dise\u00f1ado para ofrecerte comodidad y frescura en cualquier lugar. Con cinco velocidades ajustables, podr\u00e1s personalizar tu experiencia de ventilaci\u00f3n seg\u00fan tus necesidades, ya sea en un d\u00eda caluroso o durante actividades al aire libre. Este ventilador es inal\u00e1mbrico la duraci\u00f3n de la bater\u00eda var\u00eda seg\u00fan la velocidad seleccionada, con una sola carga puede durar hasta 6 horas, su nivel de ruido de solo 36 dB garantiza un funcionamiento silencioso, ideal para usar en la oficina, en casa o mientras descansas. Pantalla digital inteligente: este mini ventilador recargable cuenta con una pantalla digital inteligente que muestra el nivel de potencia y velocidad restantes. Esta caracter\u00edstica de dise\u00f1o f\u00e1cil de usar te permite ajustar f\u00e1cilmente el ventilador a la velocidad de aire ideal y saber siempre cu\u00e1ndo necesita ser recargado. Ventilador multifunci\u00f3n 3 en 1: se puede utilizar como un ventilador de mano, ventilador de cuello o ventilador de escritorio para una amplia gama de aplicaciones. Nuestro ventilador plegable viene con una base para que puedas colocarlo verticalmente sobre una mesa y usarlo como ventilador de escritorio. Con ajuste vertical de 90\u00b0, puedes doblarlo f\u00e1cilmente y colgarlo alrededor de tu cuello como un ventilador de cuello, liberando tus manos.<\/p>","protected":false},"excerpt":{"rendered":"<p>Descubre el Mini ventilador de mano port\u00e1til recargable dise\u00f1ado para ofrecerte comodidad y frescura en cualquier lugar. Con cinco velocidades ajustables, podr\u00e1s personalizar tu experiencia de ventilaci\u00f3n seg\u00fan tus necesidades, ya sea en un d\u00eda caluroso o durante actividades al aire libre. Este ventilador es inal\u00e1mbrico la duraci\u00f3n de la bater\u00eda var\u00eda seg\u00fan la velocidad seleccionada, con una sola carga puede durar hasta 6 horas, su nivel de ruido de solo 36 dB garantiza un funcionamiento silencioso, ideal para usar en la oficina, en casa o mientras descansas. Pantalla digital inteligente: este mini ventilador recargable cuenta con una pantalla digital inteligente que muestra el nivel de potencia y velocidad restantes. Esta caracter\u00edstica de dise\u00f1o f\u00e1cil de usar te permite ajustar f\u00e1cilmente el ventilador a la velocidad de aire ideal y saber siempre cu\u00e1ndo necesita ser recargado. Ventilador multifunci\u00f3n 3 en 1: se puede utilizar como un ventilador de mano, ventilador de cuello o ventilador de escritorio para una amplia gama de aplicaciones. Nuestro ventilador plegable viene con una base para que puedas colocarlo verticalmente sobre una mesa y usarlo como ventilador de escritorio. Con ajuste vertical de 90\u00b0, puedes doblarlo f\u00e1cilmente y colgarlo alrededor de tu cuello como un ventilador de cuello, liberando tus manos.<\/p>","protected":false},"featured_media":871,"template":"","meta":[],"product_brand":[],"product_cat":[69,88],"product_tag":[],"class_list":{"0":"post-870","1":"product","2":"type-product","3":"status-publish","4":"has-post-thumbnail","6":"product_cat-electronica","7":"product_cat-ventiladores","9":"first","10":"outofstock","11":"sale","12":"shipping-taxable","13":"purchasable","14":"product-type-simple"},"_links":{"self":[{"href":"https:\/\/musicvision.cl\/es\/wp-json\/wp\/v2\/product\/870","targetHints":{"allow":["GET"]}}],"collection":[{"href":"https:\/\/musicvision.cl\/es\/wp-json\/wp\/v2\/product"}],"about":[{"href":"https:\/\/musicvision.cl\/es\/wp-json\/wp\/v2\/types\/product"}],"wp:featuredmedia":[{"embeddable":true,"href":"https:\/\/musicvision.cl\/es\/wp-json\/wp\/v2\/media\/871"}],"wp:attachment":[{"href":"https:\/\/musicvision.cl\/es\/wp-json\/wp\/v2\/media?parent=870"}],"wp:term":[{"taxonomy":"product_brand","embeddable":true,"href":"https:\/\/musicvision.cl\/es\/wp-json\/wp\/v2\/product_brand?post=870"},{"taxonomy":"product_cat","embeddable":true,"href":"https:\/\/musicvision.cl\/es\/wp-json\/wp\/v2\/product_cat?post=870"},{"taxonomy":"product_tag","embeddable":true,"href":"https:\/\/musicvision.cl\/es\/wp-json\/wp\/v2\/product_tag?post=870"}],"curies":[{"name":"wp","href":"https:\/\/api.w.org\/{rel}","templated":true}]}}