{"id":875,"date":"2026-01-14T19:11:06","date_gmt":"2026-01-14T19:11:06","guid":{"rendered":"https:\/\/musicvision.cl\/?post_type=product&#038;p=875"},"modified":"2026-01-14T19:11:07","modified_gmt":"2026-01-14T19:11:07","slug":"hielera-recargable-bluetooth-con-parlante-luces-led","status":"publish","type":"product","link":"https:\/\/musicvision.cl\/es\/producto\/hielera-recargable-bluetooth-con-parlante-luces-led\/","title":{"rendered":"Hielera Recargable Bluetooth Con Parlante Luces Led"},"content":{"rendered":"<p>La hielera recargable Bluetooth es la soluci\u00f3n perfecta para tus reuniones y eventos al aire libre. Con una capacidad de 7 litros, es ideal para mantener tus bebidas fr\u00edas mientras disfrutas de buena m\u00fasica. Su dise\u00f1o en pl\u00e1stico resistente asegura durabilidad y facilidad de transporte, con un di\u00e1metro de 29 cm y una altura de 30 cm. Incorpora un parlante Bluetooth que te permite conectar tus dispositivos y disfrutar de tus canciones favoritas en cualquier lugar. Adem\u00e1s, cuenta con luces LED que a\u00f1aden un toque festivo a tus celebraciones, creando un ambiente \u00fanico y divertido. Aunque no incluye tapa ni manijas, su dise\u00f1o pr\u00e1ctico y ligero facilita su uso y transporte. Esta hielera es perfecta para picnics, fiestas en la playa o cualquier ocasi\u00f3n donde desees mantener tus bebidas fr\u00edas y la m\u00fasica sonando. Con la hielera recargable Bluetooth, cada encuentro se convierte en una experiencia memorable. Disfruta de la combinaci\u00f3n de funcionalidad y entretenimiento en un solo producto, ideal para quienes buscan calidad y estilo en sus eventos.<\/p>","protected":false},"excerpt":{"rendered":"<p>La hielera recargable Bluetooth es la soluci\u00f3n perfecta para tus reuniones y eventos al aire libre. Con una capacidad de 7 litros, es ideal para mantener tus bebidas fr\u00edas mientras disfrutas de buena m\u00fasica. Su dise\u00f1o en pl\u00e1stico resistente asegura durabilidad y facilidad de transporte, con un di\u00e1metro de 29 cm y una altura de 30 cm. Incorpora un parlante Bluetooth que te permite conectar tus dispositivos y disfrutar de tus canciones favoritas en cualquier lugar. Adem\u00e1s, cuenta con luces LED que a\u00f1aden un toque festivo a tus celebraciones, creando un ambiente \u00fanico y divertido. Aunque no incluye tapa ni manijas, su dise\u00f1o pr\u00e1ctico y ligero facilita su uso y transporte. Esta hielera es perfecta para picnics, fiestas en la playa o cualquier ocasi\u00f3n donde desees mantener tus bebidas fr\u00edas y la m\u00fasica sonando. Con la hielera recargable Bluetooth, cada encuentro se convierte en una experiencia memorable. Disfruta de la combinaci\u00f3n de funcionalidad y entretenimiento en un solo producto, ideal para quienes buscan calidad y estilo en sus eventos.<\/p>","protected":false},"featured_media":876,"template":"","meta":[],"product_brand":[],"product_cat":[85],"product_tag":[],"class_list":{"0":"post-875","1":"product","2":"type-product","3":"status-publish","4":"has-post-thumbnail","6":"product_cat-parlantes","8":"first","9":"instock","10":"sale","11":"shipping-taxable","12":"purchasable","13":"product-type-simple"},"_links":{"self":[{"href":"https:\/\/musicvision.cl\/es\/wp-json\/wp\/v2\/product\/875","targetHints":{"allow":["GET"]}}],"collection":[{"href":"https:\/\/musicvision.cl\/es\/wp-json\/wp\/v2\/product"}],"about":[{"href":"https:\/\/musicvision.cl\/es\/wp-json\/wp\/v2\/types\/product"}],"wp:featuredmedia":[{"embeddable":true,"href":"https:\/\/musicvision.cl\/es\/wp-json\/wp\/v2\/media\/876"}],"wp:attachment":[{"href":"https:\/\/musicvision.cl\/es\/wp-json\/wp\/v2\/media?parent=875"}],"wp:term":[{"taxonomy":"product_brand","embeddable":true,"href":"https:\/\/musicvision.cl\/es\/wp-json\/wp\/v2\/product_brand?post=875"},{"taxonomy":"product_cat","embeddable":true,"href":"https:\/\/musicvision.cl\/es\/wp-json\/wp\/v2\/product_cat?post=875"},{"taxonomy":"product_tag","embeddable":true,"href":"https:\/\/musicvision.cl\/es\/wp-json\/wp\/v2\/product_tag?post=875"}],"curies":[{"name":"wp","href":"https:\/\/api.w.org\/{rel}","templated":true}]}}