{"id":880,"date":"2026-01-14T19:32:33","date_gmt":"2026-01-14T19:32:33","guid":{"rendered":"https:\/\/musicvision.cl\/?post_type=product&#038;p=880"},"modified":"2026-01-14T19:32:33","modified_gmt":"2026-01-14T19:32:33","slug":"bateria-musical-juguete-jazz-drum-nina-6-tambores-piso-rosa","status":"publish","type":"product","link":"https:\/\/musicvision.cl\/es\/producto\/bateria-musical-juguete-jazz-drum-nina-6-tambores-piso-rosa\/","title":{"rendered":"Bater\u00eda Musical Juguete Jazz Drum Ni\u00f1a 6 Tambores + Piso Rosa"},"content":{"rendered":"<p>\u00a1Tu marcas el ritmo de la diversi\u00f3n con tu nueva bater\u00eda musical de juguete!<\/p>\n<p>Consigue esta divertid\u00edsima bater\u00eda dise\u00f1ada especialmente para ni\u00f1as, lo pasar\u00e1n en grande dej\u00e1ndose llevar por el ritmo que marcan sus propias manos. \u00a1Con un dise\u00f1o especial de corazones!<\/p>\n<p>Edad recomendad: + 3 a\u00f1os.<\/p>\n<p>Incluye: 1 bombo, 1 banqueta, 6 tambores, 1 platillo y 2 baquetas.<\/p>","protected":false},"excerpt":{"rendered":"<p>\u00a1Tu marcas el ritmo de la diversi\u00f3n con tu nueva bater\u00eda musical de juguete!<\/p>\n<p>Consigue esta divertid\u00edsima bater\u00eda dise\u00f1ada especialmente para ni\u00f1as, lo pasar\u00e1n en grande dej\u00e1ndose llevar por el ritmo que marcan sus propias manos. \u00a1Con un dise\u00f1o especial de corazones!<\/p>\n<p>Edad recomendad: + 3 a\u00f1os.<\/p>\n<p>Incluye: 1 bombo, 1 banqueta, 5 tambores, 1 platillo y 2 baquetas.<\/p>","protected":false},"featured_media":881,"template":"","meta":[],"product_brand":[],"product_cat":[89],"product_tag":[],"class_list":{"0":"post-880","1":"product","2":"type-product","3":"status-publish","4":"has-post-thumbnail","6":"product_cat-juguetes","8":"first","9":"instock","10":"sale","11":"shipping-taxable","12":"purchasable","13":"product-type-simple"},"_links":{"self":[{"href":"https:\/\/musicvision.cl\/es\/wp-json\/wp\/v2\/product\/880","targetHints":{"allow":["GET"]}}],"collection":[{"href":"https:\/\/musicvision.cl\/es\/wp-json\/wp\/v2\/product"}],"about":[{"href":"https:\/\/musicvision.cl\/es\/wp-json\/wp\/v2\/types\/product"}],"wp:featuredmedia":[{"embeddable":true,"href":"https:\/\/musicvision.cl\/es\/wp-json\/wp\/v2\/media\/881"}],"wp:attachment":[{"href":"https:\/\/musicvision.cl\/es\/wp-json\/wp\/v2\/media?parent=880"}],"wp:term":[{"taxonomy":"product_brand","embeddable":true,"href":"https:\/\/musicvision.cl\/es\/wp-json\/wp\/v2\/product_brand?post=880"},{"taxonomy":"product_cat","embeddable":true,"href":"https:\/\/musicvision.cl\/es\/wp-json\/wp\/v2\/product_cat?post=880"},{"taxonomy":"product_tag","embeddable":true,"href":"https:\/\/musicvision.cl\/es\/wp-json\/wp\/v2\/product_tag?post=880"}],"curies":[{"name":"wp","href":"https:\/\/api.w.org\/{rel}","templated":true}]}}