{"id":883,"date":"2026-01-14T21:07:43","date_gmt":"2026-01-14T21:07:43","guid":{"rendered":"https:\/\/musicvision.cl\/?post_type=product&#038;p=883"},"modified":"2026-01-14T21:09:38","modified_gmt":"2026-01-14T21:09:38","slug":"mini-ukelele-juguete-musical-para-ninos-y-ninas","status":"publish","type":"product","link":"https:\/\/musicvision.cl\/es\/producto\/mini-ukelele-juguete-musical-para-ninos-y-ninas\/","title":{"rendered":"Mini ukelele, juguete musical para ni\u00f1os y ni\u00f1as"},"content":{"rendered":"<p>Presentamos la Mini Ukelele Musical Infantil. Este es el instrumento perfecto para introducir a los ni\u00f1os en el mundo de la m\u00fasica, ayudando a desarrollar sus habilidades motoras y cognitivas. Con un dise\u00f1o atractivo y un tama\u00f1o adecuado para manos peque\u00f1as, este ukelele es f\u00e1cil de tocar y transportar. A tu hijo le encantar\u00e1 crear sus propias melod\u00edas y divertirse durante horas. Adem\u00e1s, est\u00e1 fabricado con materiales de alta calidad, lo que garantiza su durabilidad y resistencia. Ideal para ni\u00f1os a partir de 3 a\u00f1os. Regala m\u00fasica a tu peque\u00f1o con el mini ukelele musical infantil<\/p>","protected":false},"excerpt":{"rendered":"<p>Presentamos la Mini Ukelele Musical Infantil . Este es el instrumento perfecto para introducir a los ni\u00f1os en el mundo de la m\u00fasica, ayudando a desarrollar sus habilidades motoras y cognitivas. Con un dise\u00f1o atractivo y un tama\u00f1o adecuado para manos peque\u00f1as, este ukelele es f\u00e1cil de tocar y transportar. A tu hijo le encantar\u00e1 crear sus propias melod\u00edas y divertirse durante horas. Adem\u00e1s, est\u00e1 fabricado con materiales de alta calidad, lo que garantiza su durabilidad y resistencia. Ideal para ni\u00f1os a partir de 3 a\u00f1os. Regala m\u00fasica a tu peque\u00f1o con el mini ukelele musical infantil .<\/p>","protected":false},"featured_media":884,"template":"","meta":[],"product_brand":[],"product_cat":[89],"product_tag":[],"class_list":{"0":"post-883","1":"product","2":"type-product","3":"status-publish","4":"has-post-thumbnail","6":"product_cat-juguetes","8":"first","9":"instock","10":"sale","11":"shipping-taxable","12":"purchasable","13":"product-type-simple"},"_links":{"self":[{"href":"https:\/\/musicvision.cl\/es\/wp-json\/wp\/v2\/product\/883","targetHints":{"allow":["GET"]}}],"collection":[{"href":"https:\/\/musicvision.cl\/es\/wp-json\/wp\/v2\/product"}],"about":[{"href":"https:\/\/musicvision.cl\/es\/wp-json\/wp\/v2\/types\/product"}],"wp:featuredmedia":[{"embeddable":true,"href":"https:\/\/musicvision.cl\/es\/wp-json\/wp\/v2\/media\/884"}],"wp:attachment":[{"href":"https:\/\/musicvision.cl\/es\/wp-json\/wp\/v2\/media?parent=883"}],"wp:term":[{"taxonomy":"product_brand","embeddable":true,"href":"https:\/\/musicvision.cl\/es\/wp-json\/wp\/v2\/product_brand?post=883"},{"taxonomy":"product_cat","embeddable":true,"href":"https:\/\/musicvision.cl\/es\/wp-json\/wp\/v2\/product_cat?post=883"},{"taxonomy":"product_tag","embeddable":true,"href":"https:\/\/musicvision.cl\/es\/wp-json\/wp\/v2\/product_tag?post=883"}],"curies":[{"name":"wp","href":"https:\/\/api.w.org\/{rel}","templated":true}]}}