{"id":891,"date":"2026-01-15T20:40:24","date_gmt":"2026-01-15T20:40:24","guid":{"rendered":"https:\/\/musicvision.cl\/?post_type=product&#038;p=891"},"modified":"2026-01-15T20:41:37","modified_gmt":"2026-01-15T20:41:37","slug":"microfono-lavalier-solapa-inalambrico-tipo-c-para-celular","status":"publish","type":"product","link":"https:\/\/musicvision.cl\/es\/producto\/microfono-lavalier-solapa-inalambrico-tipo-c-para-celular\/","title":{"rendered":"Micr\u00f3fono Lavalier Solapa Inal\u00e1mbrico Tipo C Para Celular"},"content":{"rendered":"<ul class=\"ui-vpp-highlighted-specs__features-list\">\n<li class=\"ui-vpp-highlighted-specs__features-list-item ui-pdp-color--BLACK ui-pdp-size--XSMALL ui-pdp-family--REGULAR\">Micr\u00f3fono inal\u00e1mbrico con frecuencia m\u00ednima de 20 Hz y m\u00e1xima de 2 kHz.<\/li>\n<li class=\"ui-vpp-highlighted-specs__features-list-item ui-pdp-color--BLACK ui-pdp-size--XSMALL ui-pdp-family--REGULAR\">Patr\u00f3n polar hipercardioide para captaci\u00f3n precisa.<\/li>\n<li class=\"ui-vpp-highlighted-specs__features-list-item ui-pdp-color--BLACK ui-pdp-size--XSMALL ui-pdp-family--REGULAR\">Conectividad Bluetooth para mayor comodidad.<\/li>\n<\/ul>","protected":false},"excerpt":{"rendered":"<p>Disfruta de tu movilidad Al no contar con cables, gozar\u00e1s de mayor libertad de movimiento sin renunciar a la calidad. Podr\u00e1s bailar mientras cantas, caminar por el escenario e interactuar mejor con las personas durante tu actuaci\u00f3n.<\/p>","protected":false},"featured_media":892,"template":"","meta":[],"product_brand":[],"product_cat":[90],"product_tag":[],"class_list":{"0":"post-891","1":"product","2":"type-product","3":"status-publish","4":"has-post-thumbnail","6":"product_cat-microfonos","8":"first","9":"instock","10":"sale","11":"shipping-taxable","12":"purchasable","13":"product-type-simple"},"_links":{"self":[{"href":"https:\/\/musicvision.cl\/es\/wp-json\/wp\/v2\/product\/891","targetHints":{"allow":["GET"]}}],"collection":[{"href":"https:\/\/musicvision.cl\/es\/wp-json\/wp\/v2\/product"}],"about":[{"href":"https:\/\/musicvision.cl\/es\/wp-json\/wp\/v2\/types\/product"}],"wp:featuredmedia":[{"embeddable":true,"href":"https:\/\/musicvision.cl\/es\/wp-json\/wp\/v2\/media\/892"}],"wp:attachment":[{"href":"https:\/\/musicvision.cl\/es\/wp-json\/wp\/v2\/media?parent=891"}],"wp:term":[{"taxonomy":"product_brand","embeddable":true,"href":"https:\/\/musicvision.cl\/es\/wp-json\/wp\/v2\/product_brand?post=891"},{"taxonomy":"product_cat","embeddable":true,"href":"https:\/\/musicvision.cl\/es\/wp-json\/wp\/v2\/product_cat?post=891"},{"taxonomy":"product_tag","embeddable":true,"href":"https:\/\/musicvision.cl\/es\/wp-json\/wp\/v2\/product_tag?post=891"}],"curies":[{"name":"wp","href":"https:\/\/api.w.org\/{rel}","templated":true}]}}