{"id":903,"date":"2026-01-20T20:20:29","date_gmt":"2026-01-20T20:20:29","guid":{"rendered":"https:\/\/musicvision.cl\/?post_type=product&#038;p=903"},"modified":"2026-01-20T20:20:29","modified_gmt":"2026-01-20T20:20:29","slug":"palo-para-selfies-bluetooth-tripode-negro-ios-android","status":"publish","type":"product","link":"https:\/\/musicvision.cl\/es\/producto\/palo-para-selfies-bluetooth-tripode-negro-ios-android\/","title":{"rendered":"Palo para Selfies Bluetooth Tr\u00edpode Negro iOS Android"},"content":{"rendered":"<ul class=\"ui-vpp-highlighted-specs__features-list\">\n<li class=\"ui-vpp-highlighted-specs__features-list-item ui-pdp-color--BLACK ui-pdp-size--XSMALL ui-pdp-family--REGULAR\">Tr\u00edpode ajustable con altura de 16 a 73.5 cm para diversas tomas.<\/li>\n<li class=\"ui-vpp-highlighted-specs__features-list-item ui-pdp-color--BLACK ui-pdp-size--XSMALL ui-pdp-family--REGULAR\">Soporte universal compatible con tel\u00e9fonos de 2.2 a 3.7 pulgadas.<\/li>\n<li class=\"ui-vpp-highlighted-specs__features-list-item ui-pdp-color--BLACK ui-pdp-size--XSMALL ui-pdp-family--REGULAR\">Control remoto inal\u00e1mbrico con alcance de hasta 10 metros.<\/li>\n<li class=\"ui-vpp-highlighted-specs__features-list-item ui-pdp-color--BLACK ui-pdp-size--XSMALL ui-pdp-family--REGULAR\">Gira verticalmente 120\u00b0 y horizontalmente 360\u00b0 para flexibilidad.<\/li>\n<li class=\"ui-vpp-highlighted-specs__features-list-item ui-pdp-color--BLACK ui-pdp-size--XSMALL ui-pdp-family--REGULAR\">Material pl\u00e1stico ligero y duradero para f\u00e1cil transporte.<\/li>\n<li class=\"ui-vpp-highlighted-specs__features-list-item ui-pdp-color--BLACK ui-pdp-size--XSMALL ui-pdp-family--REGULAR\">Dise\u00f1o compacto con largo plegado de 16 cm.<\/li>\n<\/ul>","protected":false},"excerpt":{"rendered":"<p>* Tr\u00edpode para tel\u00e9fono todo en 1: El tr\u00edpode mejorado para tel\u00e9fono celular combina las funciones de un tr\u00edpode de soporte para tel\u00e9fono y un brazo para selfie. Este tr\u00edpode viene con un soporte universal para tel\u00e9fono que se puede ajustar a un ancho de 2.2 a 3.7 pulgadas, por lo que es compatible con la mayor\u00eda de los tel\u00e9fonos. * El tr\u00edpode se puede ajustar a una altura de 17 a 62 pulgadas y puede disparar una variedad de alturas y \u00e1ngulos, lo que te proporciona un campo de visi\u00f3n m\u00e1s amplio para satisfacer tus necesidades en diferentes ocasiones. * Control remoto inal\u00e1mbrico desmontable: Tr\u00edpode para selfie stick con control remoto inal\u00e1mbrico, distancia de control remoto inal\u00e1mbrico de hasta 10 metros, compatible con versiones iOS\u00a0 y Android, emparejamiento r\u00e1pido, operaci\u00f3n muy simple. Cuando el control remoto no est\u00e1 en uso, se puede poner en la ranura de control remoto dedicada en el selfie stick para evitar p\u00e9rdidas. * Nuestro tr\u00edpode para celular se puede girar verticalmente 120\u00b0 y horizontalmente 360\u00b0, compatible con los modos vertical y horizontal.<\/p>","protected":false},"featured_media":904,"template":"","meta":[],"product_brand":[],"product_cat":[83],"product_tag":[],"class_list":{"0":"post-903","1":"product","2":"type-product","3":"status-publish","4":"has-post-thumbnail","6":"product_cat-accesorios-celulares","8":"first","9":"instock","10":"sale","11":"shipping-taxable","12":"purchasable","13":"product-type-simple"},"_links":{"self":[{"href":"https:\/\/musicvision.cl\/es\/wp-json\/wp\/v2\/product\/903","targetHints":{"allow":["GET"]}}],"collection":[{"href":"https:\/\/musicvision.cl\/es\/wp-json\/wp\/v2\/product"}],"about":[{"href":"https:\/\/musicvision.cl\/es\/wp-json\/wp\/v2\/types\/product"}],"wp:featuredmedia":[{"embeddable":true,"href":"https:\/\/musicvision.cl\/es\/wp-json\/wp\/v2\/media\/904"}],"wp:attachment":[{"href":"https:\/\/musicvision.cl\/es\/wp-json\/wp\/v2\/media?parent=903"}],"wp:term":[{"taxonomy":"product_brand","embeddable":true,"href":"https:\/\/musicvision.cl\/es\/wp-json\/wp\/v2\/product_brand?post=903"},{"taxonomy":"product_cat","embeddable":true,"href":"https:\/\/musicvision.cl\/es\/wp-json\/wp\/v2\/product_cat?post=903"},{"taxonomy":"product_tag","embeddable":true,"href":"https:\/\/musicvision.cl\/es\/wp-json\/wp\/v2\/product_tag?post=903"}],"curies":[{"name":"wp","href":"https:\/\/api.w.org\/{rel}","templated":true}]}}