{"id":911,"date":"2026-01-23T19:25:55","date_gmt":"2026-01-23T19:25:55","guid":{"rendered":"https:\/\/musicvision.cl\/?post_type=product&#038;p=911"},"modified":"2026-01-23T19:25:56","modified_gmt":"2026-01-23T19:25:56","slug":"kit-de-cautin-soldador-electronico","status":"publish","type":"product","link":"https:\/\/musicvision.cl\/es\/producto\/kit-de-cautin-soldador-electronico\/","title":{"rendered":"Kit De Caut\u00edn Soldador Electr\u00f3nico"},"content":{"rendered":"<ul class=\"ui-vpp-highlighted-specs__features-list\">\n<li class=\"ui-vpp-highlighted-specs__features-list-item ui-pdp-color--BLACK ui-pdp-size--XSMALL ui-pdp-family--REGULAR\">Voltaje: 220V.<\/li>\n<li class=\"ui-vpp-highlighted-specs__features-list-item ui-pdp-color--BLACK ui-pdp-size--XSMALL ui-pdp-family--REGULAR\">Potencia de 60 W para un rendimiento \u00f3ptimo en soldaduras.<\/li>\n<li class=\"ui-vpp-highlighted-specs__features-list-item ui-pdp-color--BLACK ui-pdp-size--XSMALL ui-pdp-family--REGULAR\">Temperatura m\u00e1xima de 400 \u00b0C para soldaduras precisas.<\/li>\n<li class=\"ui-vpp-highlighted-specs__features-list-item ui-pdp-color--BLACK ui-pdp-size--XSMALL ui-pdp-family--REGULAR\">Punta de acero inoxidable removible para f\u00e1cil mantenimiento.<\/li>\n<\/ul>","protected":false},"excerpt":{"rendered":"<p>Producto f\u00e1cil de usar, viene en alambre de 1 mm con flujo interno que ayuda a la adhesi\u00f3n y la soldadura. Especial para reparar electrodom\u00e9sticos y soldar la base de esta\u00f1o con resina activada. La pasta de soldadura facilita que el esta\u00f1o se adhiera al metal, dirige la soldadura al lugar correcto y mantiene todo m\u00e1s firme. El prop\u00f3sito de la pasta de soldadura es limpiar el sitio de soldadura, lo que facilita la adhesi\u00f3n cuando la pieza o placa est\u00e1 muy oxidada y la soldadura tiene dificultades para adherirse. Caracter\u00edsticas: &#8211; Temperatura m\u00e1xima: 400 \u00b0C &#8211; Potencia: 60w &#8211; Entrada: 220-240v \u2013 50hz Contenido de la compra: 1 kit soldadura electr\u00f3nica 1 Base para caut\u00edn 1 Esta\u00f1o para soldar (Rollo\/1.0-2.0 mm) 1 Pasta para soldar (30g)<\/p>","protected":false},"featured_media":912,"template":"","meta":[],"product_brand":[],"product_cat":[92],"product_tag":[],"class_list":{"0":"post-911","1":"product","2":"type-product","3":"status-publish","4":"has-post-thumbnail","6":"product_cat-cautin","8":"first","9":"instock","10":"sale","11":"shipping-taxable","12":"purchasable","13":"product-type-simple"},"_links":{"self":[{"href":"https:\/\/musicvision.cl\/es\/wp-json\/wp\/v2\/product\/911","targetHints":{"allow":["GET"]}}],"collection":[{"href":"https:\/\/musicvision.cl\/es\/wp-json\/wp\/v2\/product"}],"about":[{"href":"https:\/\/musicvision.cl\/es\/wp-json\/wp\/v2\/types\/product"}],"wp:featuredmedia":[{"embeddable":true,"href":"https:\/\/musicvision.cl\/es\/wp-json\/wp\/v2\/media\/912"}],"wp:attachment":[{"href":"https:\/\/musicvision.cl\/es\/wp-json\/wp\/v2\/media?parent=911"}],"wp:term":[{"taxonomy":"product_brand","embeddable":true,"href":"https:\/\/musicvision.cl\/es\/wp-json\/wp\/v2\/product_brand?post=911"},{"taxonomy":"product_cat","embeddable":true,"href":"https:\/\/musicvision.cl\/es\/wp-json\/wp\/v2\/product_cat?post=911"},{"taxonomy":"product_tag","embeddable":true,"href":"https:\/\/musicvision.cl\/es\/wp-json\/wp\/v2\/product_tag?post=911"}],"curies":[{"name":"wp","href":"https:\/\/api.w.org\/{rel}","templated":true}]}}