{"id":914,"date":"2026-01-23T19:41:51","date_gmt":"2026-01-23T19:41:51","guid":{"rendered":"https:\/\/musicvision.cl\/?post_type=product&#038;p=914"},"modified":"2026-01-27T14:43:51","modified_gmt":"2026-01-27T14:43:51","slug":"tester-multitester-digital","status":"publish","type":"product","link":"https:\/\/musicvision.cl\/es\/producto\/tester-multitester-digital\/","title":{"rendered":"Tester Multitester  Digital"},"content":{"rendered":"<p>El Mult\u00edmetro digital XL830L es un instrumento de medici\u00f3n port\u00e1til esencial para los profesionales en electricidad y electr\u00f3nica. Se utiliza para la medici\u00f3n de magnitudes el\u00e9ctricas como: voltaje, corriente, resistencia, diodos y transistores; los cuales conforman un circuito. Su funcionamiento se basa en identificar lo que va a medir y conectar los cables de forma correcta (el cable de color negro se conectar\u00e1 a COM) se debe tener en cuenta que el negro es la parte negativa del circuito y la roja la parte positiva; luego esperaremos el resultado. Una de las ventajas del mult\u00edmetro digital frente al an\u00e1logo, es el aumento de la precisi\u00f3n al captar la medici\u00f3n, ya que la aguja puede crear un peque\u00f1o error en la lectura.<\/p>","protected":false},"excerpt":{"rendered":"<p>El Mult\u00edmetro digital XL830L es un instrumento de medici\u00f3n port\u00e1til esencial para los profesionales en electricidad y electr\u00f3nica. Se utiliza para la medici\u00f3n de magnitudes el\u00e9ctricas como: voltaje, corriente, resistencia, diodos y transistores; los cuales conforman un circuito. Su funcionamiento se basa en identificar lo que va a medir y conectar los cables de forma correcta (el cable de color negro se conectar\u00e1 a COM) se debe tener en cuenta que el negro es la parte negativa del circuito y la roja la parte positiva; luego esperaremos el resultado. Una de las ventajas del mult\u00edmetro digital frente al an\u00e1logo, es el aumento de la precisi\u00f3n al captar la medici\u00f3n, ya que la aguja puede crear un peque\u00f1o error en la lectura.<\/p>","protected":false},"featured_media":959,"template":"","meta":[],"product_brand":[],"product_cat":[93],"product_tag":[],"class_list":{"0":"post-914","1":"product","2":"type-product","3":"status-publish","4":"has-post-thumbnail","6":"product_cat-tester","8":"first","9":"instock","10":"sale","11":"shipping-taxable","12":"purchasable","13":"product-type-simple"},"_links":{"self":[{"href":"https:\/\/musicvision.cl\/es\/wp-json\/wp\/v2\/product\/914","targetHints":{"allow":["GET"]}}],"collection":[{"href":"https:\/\/musicvision.cl\/es\/wp-json\/wp\/v2\/product"}],"about":[{"href":"https:\/\/musicvision.cl\/es\/wp-json\/wp\/v2\/types\/product"}],"wp:featuredmedia":[{"embeddable":true,"href":"https:\/\/musicvision.cl\/es\/wp-json\/wp\/v2\/media\/959"}],"wp:attachment":[{"href":"https:\/\/musicvision.cl\/es\/wp-json\/wp\/v2\/media?parent=914"}],"wp:term":[{"taxonomy":"product_brand","embeddable":true,"href":"https:\/\/musicvision.cl\/es\/wp-json\/wp\/v2\/product_brand?post=914"},{"taxonomy":"product_cat","embeddable":true,"href":"https:\/\/musicvision.cl\/es\/wp-json\/wp\/v2\/product_cat?post=914"},{"taxonomy":"product_tag","embeddable":true,"href":"https:\/\/musicvision.cl\/es\/wp-json\/wp\/v2\/product_tag?post=914"}],"curies":[{"name":"wp","href":"https:\/\/api.w.org\/{rel}","templated":true}]}}