{"id":918,"date":"2026-01-23T19:51:48","date_gmt":"2026-01-23T19:51:48","guid":{"rendered":"https:\/\/musicvision.cl\/?post_type=product&#038;p=918"},"modified":"2026-01-27T14:41:07","modified_gmt":"2026-01-27T14:41:07","slug":"pila-duracell-para-audifonos-tamano-13-c-u","status":"publish","type":"product","link":"https:\/\/musicvision.cl\/es\/producto\/pila-duracell-para-audifonos-tamano-13-c-u\/","title":{"rendered":"Pila Duracell Para Aud\u00edfonos Tama\u00f1o 13 c\/u"},"content":{"rendered":"<ul class=\"ui-vpp-highlighted-specs__features-list\">\n<li class=\"ui-vpp-highlighted-specs__features-list-item ui-pdp-color--BLACK ui-pdp-size--XSMALL ui-pdp-family--REGULAR\">Unidades por pack: 1.<\/li>\n<li class=\"ui-vpp-highlighted-specs__features-list-item ui-pdp-color--BLACK ui-pdp-size--XSMALL ui-pdp-family--REGULAR\">Formato de venta: Unidad.<\/li>\n<li class=\"ui-vpp-highlighted-specs__features-list-item ui-pdp-color--BLACK ui-pdp-size--XSMALL ui-pdp-family--REGULAR\">Compuesta por Alcalina.<\/li>\n<li class=\"ui-vpp-highlighted-specs__features-list-item ui-pdp-color--BLACK ui-pdp-size--XSMALL ui-pdp-family--REGULAR\">1.45V.<\/li>\n<li class=\"ui-vpp-highlighted-specs__features-list-item ui-pdp-color--BLACK ui-pdp-size--XSMALL ui-pdp-family--REGULAR\">El tiempo m\u00e1ximo de retenci\u00f3n de carga es de 4 a\u00f1os.<\/li>\n<li class=\"ui-vpp-highlighted-specs__features-list-item ui-pdp-color--BLACK ui-pdp-size--XSMALL ui-pdp-family--REGULAR\">Sin mercurio.<\/li>\n<li class=\"ui-vpp-highlighted-specs__features-list-item ui-pdp-color--BLACK ui-pdp-size--XSMALL ui-pdp-family--REGULAR\">Recomendada para Aparatos auditivos.<\/li>\n<\/ul>","protected":false},"excerpt":{"rendered":"<p>Escucha cada momento gracias a las pilas auditivas Duracell Hearing Aid de larga duraci\u00f3n tama\u00f1o 13. Las pilas auditivas Duracell est\u00e1n codificadas por colores, por lo que no tendr\u00e1s ning\u00fan problema en encontrar el tama\u00f1o adecuado. Al utilizarlas, simplemente empareja la leng\u00fceta de la pila con el de tu aparato para conseguir el ajuste perfecto.<\/p>","protected":false},"featured_media":957,"template":"","meta":[],"product_brand":[],"product_cat":[94],"product_tag":[],"class_list":{"0":"post-918","1":"product","2":"type-product","3":"status-publish","4":"has-post-thumbnail","6":"product_cat-pilas","8":"first","9":"instock","10":"sale","11":"shipping-taxable","12":"purchasable","13":"product-type-simple"},"_links":{"self":[{"href":"https:\/\/musicvision.cl\/es\/wp-json\/wp\/v2\/product\/918","targetHints":{"allow":["GET"]}}],"collection":[{"href":"https:\/\/musicvision.cl\/es\/wp-json\/wp\/v2\/product"}],"about":[{"href":"https:\/\/musicvision.cl\/es\/wp-json\/wp\/v2\/types\/product"}],"wp:featuredmedia":[{"embeddable":true,"href":"https:\/\/musicvision.cl\/es\/wp-json\/wp\/v2\/media\/957"}],"wp:attachment":[{"href":"https:\/\/musicvision.cl\/es\/wp-json\/wp\/v2\/media?parent=918"}],"wp:term":[{"taxonomy":"product_brand","embeddable":true,"href":"https:\/\/musicvision.cl\/es\/wp-json\/wp\/v2\/product_brand?post=918"},{"taxonomy":"product_cat","embeddable":true,"href":"https:\/\/musicvision.cl\/es\/wp-json\/wp\/v2\/product_cat?post=918"},{"taxonomy":"product_tag","embeddable":true,"href":"https:\/\/musicvision.cl\/es\/wp-json\/wp\/v2\/product_tag?post=918"}],"curies":[{"name":"wp","href":"https:\/\/api.w.org\/{rel}","templated":true}]}}