{"id":925,"date":"2026-01-23T21:07:18","date_gmt":"2026-01-23T21:07:18","guid":{"rendered":"https:\/\/musicvision.cl\/?post_type=product&#038;p=925"},"modified":"2026-01-27T14:35:59","modified_gmt":"2026-01-27T14:35:59","slug":"detector-de-voltaje-ac-portatil-uni-t","status":"publish","type":"product","link":"https:\/\/musicvision.cl\/es\/producto\/detector-de-voltaje-ac-portatil-uni-t\/","title":{"rendered":"Detector De Voltaje Ac Port\u00e1til Uni-T"},"content":{"rendered":"<ul class=\"ui-vpp-highlighted-specs__features-list\">\n<li class=\"ui-vpp-highlighted-specs__features-list-item ui-pdp-color--BLACK ui-pdp-size--XSMALL ui-pdp-family--REGULAR\">Unidades por pack: 1<\/li>\n<li class=\"ui-vpp-highlighted-specs__features-list-item ui-pdp-color--BLACK ui-pdp-size--XSMALL ui-pdp-family--REGULAR\">Formato de venta: Unidad<\/li>\n<li class=\"ui-vpp-highlighted-specs__features-list-item ui-pdp-color--BLACK ui-pdp-size--XSMALL ui-pdp-family--REGULAR\">La medida m\u00ednima de voltaje es de 24V y la maxima es de 1000V.<\/li>\n<li class=\"ui-vpp-highlighted-specs__features-list-item ui-pdp-color--BLACK ui-pdp-size--XSMALL ui-pdp-family--REGULAR\">Es inal\u00e1mbrico.<\/li>\n<\/ul>","protected":false},"excerpt":{"rendered":"<p>La detecci\u00f3n de voltaje es esencial. Nuestro L\u00e1piz Detector de Voltaje garantiza la protecci\u00f3n. Imagina ahora esto: Un d\u00eda, una falla el\u00e9ctrica amenaza con afectar la seguridad de la instalaci\u00f3n, pero usando el l\u00e1piz detector, con su dise\u00f1o pr\u00e1ctico, detecta la ausencia de voltaje de una canalizaci\u00f3n interior, por lo que ya sabes donde est\u00e1 cortado el cable, los t\u00e9cnicos ahora est\u00e1n agradecidos por la tranquilidad que brinda el producto y podr\u00e1n corregir la falla de una manera m\u00e1s \u00e1gil. *Caracter\u00edsticas t\u00e9cnicas:* &#8211; Rango de voltaje: 24V-1000V AC &#8211; Tipo de detecci\u00f3n: Contacto y sin contacto &#8211; Indicador de voltaje: Visual y sonoro &#8211; Iluminaci\u00f3n LED incluida &#8211; Alimentaci\u00f3n: 2 pilas AAA (incluidas)<\/p>","protected":false},"featured_media":955,"template":"","meta":[],"product_brand":[],"product_cat":[95],"product_tag":[],"class_list":{"0":"post-925","1":"product","2":"type-product","3":"status-publish","4":"has-post-thumbnail","6":"product_cat-detector-voltaje","8":"first","9":"instock","10":"sale","11":"shipping-taxable","12":"purchasable","13":"product-type-simple"},"_links":{"self":[{"href":"https:\/\/musicvision.cl\/es\/wp-json\/wp\/v2\/product\/925","targetHints":{"allow":["GET"]}}],"collection":[{"href":"https:\/\/musicvision.cl\/es\/wp-json\/wp\/v2\/product"}],"about":[{"href":"https:\/\/musicvision.cl\/es\/wp-json\/wp\/v2\/types\/product"}],"wp:featuredmedia":[{"embeddable":true,"href":"https:\/\/musicvision.cl\/es\/wp-json\/wp\/v2\/media\/955"}],"wp:attachment":[{"href":"https:\/\/musicvision.cl\/es\/wp-json\/wp\/v2\/media?parent=925"}],"wp:term":[{"taxonomy":"product_brand","embeddable":true,"href":"https:\/\/musicvision.cl\/es\/wp-json\/wp\/v2\/product_brand?post=925"},{"taxonomy":"product_cat","embeddable":true,"href":"https:\/\/musicvision.cl\/es\/wp-json\/wp\/v2\/product_cat?post=925"},{"taxonomy":"product_tag","embeddable":true,"href":"https:\/\/musicvision.cl\/es\/wp-json\/wp\/v2\/product_tag?post=925"}],"curies":[{"name":"wp","href":"https:\/\/api.w.org\/{rel}","templated":true}]}}