{"id":944,"date":"2026-01-26T15:26:53","date_gmt":"2026-01-26T15:26:53","guid":{"rendered":"https:\/\/musicvision.cl\/?post_type=product&#038;p=944"},"modified":"2026-01-27T14:22:06","modified_gmt":"2026-01-27T14:22:06","slug":"teclado-casio-mini-sa-50h2","status":"publish","type":"product","link":"https:\/\/musicvision.cl\/es\/producto\/teclado-casio-mini-sa-50h2\/","title":{"rendered":"Teclado Casio Mini SA-50H2"},"content":{"rendered":"<ul class=\"ui-vpp-highlighted-specs__features-list\">\n<li class=\"ui-vpp-highlighted-specs__features-list-item ui-pdp-color--BLACK ui-pdp-size--XSMALL ui-pdp-family--REGULAR\">Con 50 ritmos.<\/li>\n<li class=\"ui-vpp-highlighted-specs__features-list-item ui-pdp-color--BLACK ui-pdp-size--XSMALL ui-pdp-family--REGULAR\">Hasta 32 notas suenan simult\u00e1neamente.<\/li>\n<li class=\"ui-vpp-highlighted-specs__features-list-item ui-pdp-color--BLACK ui-pdp-size--XSMALL ui-pdp-family--REGULAR\">Tipo de fuente de alimentaci\u00f3n: fuente de alimentaci\u00f3n de corriente alterna.(no incluido)<\/li>\n<\/ul>","protected":false},"excerpt":{"rendered":"<p>Teclado personal mini Casio Casiotone SA-50 de 32 teclas F\u00e1cil de usar, m\u00e1s diversi\u00f3n al tocar: la elecci\u00f3n perfecta para el primer teclado de un ni\u00f1o con un cuerpo compacto lleno de tonos hermosos, ritmos y funciones. 32 teclas peque\u00f1as facilitan su uso, incluso para manos peque\u00f1as, 100 tonos incorporados de alta calidad que cubren una amplia gama de instrumentos, como piano, vientos, percusi\u00f3n y muchos otros, extra\u00eddos de instrumentos ac\u00fasticos reales. Los botones de tono directo le permiten seleccionar tonos de piano, trompeta o bater\u00eda con un solo toque, 50 patrones de ritmo en una variedad de g\u00e9neros, lo que incluye pop, balada, dance y m\u00e1s.<\/p>","protected":false},"featured_media":945,"template":"","meta":[],"product_brand":[],"product_cat":[99],"product_tag":[],"class_list":{"0":"post-944","1":"product","2":"type-product","3":"status-publish","4":"has-post-thumbnail","6":"product_cat-instrumentos-musicales","8":"first","9":"instock","10":"sale","11":"shipping-taxable","12":"purchasable","13":"product-type-simple"},"_links":{"self":[{"href":"https:\/\/musicvision.cl\/es\/wp-json\/wp\/v2\/product\/944","targetHints":{"allow":["GET"]}}],"collection":[{"href":"https:\/\/musicvision.cl\/es\/wp-json\/wp\/v2\/product"}],"about":[{"href":"https:\/\/musicvision.cl\/es\/wp-json\/wp\/v2\/types\/product"}],"wp:featuredmedia":[{"embeddable":true,"href":"https:\/\/musicvision.cl\/es\/wp-json\/wp\/v2\/media\/945"}],"wp:attachment":[{"href":"https:\/\/musicvision.cl\/es\/wp-json\/wp\/v2\/media?parent=944"}],"wp:term":[{"taxonomy":"product_brand","embeddable":true,"href":"https:\/\/musicvision.cl\/es\/wp-json\/wp\/v2\/product_brand?post=944"},{"taxonomy":"product_cat","embeddable":true,"href":"https:\/\/musicvision.cl\/es\/wp-json\/wp\/v2\/product_cat?post=944"},{"taxonomy":"product_tag","embeddable":true,"href":"https:\/\/musicvision.cl\/es\/wp-json\/wp\/v2\/product_tag?post=944"}],"curies":[{"name":"wp","href":"https:\/\/api.w.org\/{rel}","templated":true}]}}