{"id":946,"date":"2026-01-26T16:03:07","date_gmt":"2026-01-26T16:03:07","guid":{"rendered":"https:\/\/musicvision.cl\/?post_type=product&#038;p=946"},"modified":"2026-01-27T14:21:20","modified_gmt":"2026-01-27T14:21:20","slug":"trompeta-dorada","status":"publish","type":"product","link":"https:\/\/musicvision.cl\/es\/producto\/trompeta-dorada\/","title":{"rendered":"Trompeta Dorada"},"content":{"rendered":"<p>Con un cuerpo construido \u00edntegramente en aleaci\u00f3n de Cobre y Zinc, y pistones de acero inox., es un instrumento de peso balanceado y buena compresi\u00f3n, excelente opci\u00f3n para quienes se inician en la b\u00fasqueda un sonido vibrante y consistente.<\/p>","protected":false},"excerpt":{"rendered":"<p>Incluye: -boquilla. -aceite para pistones. -pa\u00f1o. -bolso. (soft case)<\/p>","protected":false},"featured_media":947,"template":"","meta":[],"product_brand":[],"product_cat":[99],"product_tag":[],"class_list":{"0":"post-946","1":"product","2":"type-product","3":"status-publish","4":"has-post-thumbnail","6":"product_cat-instrumentos-musicales","8":"first","9":"instock","10":"sale","11":"shipping-taxable","12":"purchasable","13":"product-type-simple"},"_links":{"self":[{"href":"https:\/\/musicvision.cl\/es\/wp-json\/wp\/v2\/product\/946","targetHints":{"allow":["GET"]}}],"collection":[{"href":"https:\/\/musicvision.cl\/es\/wp-json\/wp\/v2\/product"}],"about":[{"href":"https:\/\/musicvision.cl\/es\/wp-json\/wp\/v2\/types\/product"}],"wp:featuredmedia":[{"embeddable":true,"href":"https:\/\/musicvision.cl\/es\/wp-json\/wp\/v2\/media\/947"}],"wp:attachment":[{"href":"https:\/\/musicvision.cl\/es\/wp-json\/wp\/v2\/media?parent=946"}],"wp:term":[{"taxonomy":"product_brand","embeddable":true,"href":"https:\/\/musicvision.cl\/es\/wp-json\/wp\/v2\/product_brand?post=946"},{"taxonomy":"product_cat","embeddable":true,"href":"https:\/\/musicvision.cl\/es\/wp-json\/wp\/v2\/product_cat?post=946"},{"taxonomy":"product_tag","embeddable":true,"href":"https:\/\/musicvision.cl\/es\/wp-json\/wp\/v2\/product_tag?post=946"}],"curies":[{"name":"wp","href":"https:\/\/api.w.org\/{rel}","templated":true}]}}