{"id":964,"date":"2026-01-30T21:43:37","date_gmt":"2026-01-30T21:43:37","guid":{"rendered":"https:\/\/musicvision.cl\/?post_type=product&#038;p=964"},"modified":"2026-01-30T21:43:37","modified_gmt":"2026-01-30T21:43:37","slug":"selladora-de-bolsas-al-vacio","status":"publish","type":"product","link":"https:\/\/musicvision.cl\/es\/producto\/selladora-de-bolsas-al-vacio\/","title":{"rendered":"Selladora De Bolsas Al Vac\u00edo"},"content":{"rendered":"<p>El sistema de sellado al vac\u00edo mantiene los alimentos frescos hasta 7 veces m\u00e1s. El sellador al vac\u00edo de alimentos elimina el aire de bolsas especialmente dise\u00f1adas. Sellado t\u00e9rmico de material multicapa para mantener el aire fuera y evitar quemaduras en el congelador, reduce el deterioro y el desperdicio de alimentos. Y cocinar y preparar la comida ser\u00e1 m\u00e1s f\u00e1cil, m\u00e1s econ\u00f3mico y m\u00e1s r\u00e1pido.<\/p>","protected":false},"excerpt":{"rendered":"<p>El sistema de sellado al vac\u00edo mantiene los alimentos frescos hasta 7 veces m\u00e1s. El sellador al vac\u00edo de alimentos elimina el aire de bolsas especialmente dise\u00f1adas. Sellado t\u00e9rmico de material multicapa para mantener el aire fuera y evitar quemaduras en el congelador, reduce el deterioro y el desperdicio de alimentos. Y cocinar y preparar la comida ser\u00e1 m\u00e1s f\u00e1cil, m\u00e1s econ\u00f3mico y m\u00e1s r\u00e1pido.<\/p>","protected":false},"featured_media":965,"template":"","meta":[],"product_brand":[],"product_cat":[100,101],"product_tag":[],"class_list":{"0":"post-964","1":"product","2":"type-product","3":"status-publish","4":"has-post-thumbnail","6":"product_cat-hogar","7":"product_cat-selladoras","9":"first","10":"instock","11":"sale","12":"shipping-taxable","13":"purchasable","14":"product-type-simple"},"_links":{"self":[{"href":"https:\/\/musicvision.cl\/es\/wp-json\/wp\/v2\/product\/964","targetHints":{"allow":["GET"]}}],"collection":[{"href":"https:\/\/musicvision.cl\/es\/wp-json\/wp\/v2\/product"}],"about":[{"href":"https:\/\/musicvision.cl\/es\/wp-json\/wp\/v2\/types\/product"}],"wp:featuredmedia":[{"embeddable":true,"href":"https:\/\/musicvision.cl\/es\/wp-json\/wp\/v2\/media\/965"}],"wp:attachment":[{"href":"https:\/\/musicvision.cl\/es\/wp-json\/wp\/v2\/media?parent=964"}],"wp:term":[{"taxonomy":"product_brand","embeddable":true,"href":"https:\/\/musicvision.cl\/es\/wp-json\/wp\/v2\/product_brand?post=964"},{"taxonomy":"product_cat","embeddable":true,"href":"https:\/\/musicvision.cl\/es\/wp-json\/wp\/v2\/product_cat?post=964"},{"taxonomy":"product_tag","embeddable":true,"href":"https:\/\/musicvision.cl\/es\/wp-json\/wp\/v2\/product_tag?post=964"}],"curies":[{"name":"wp","href":"https:\/\/api.w.org\/{rel}","templated":true}]}}