{"id":967,"date":"2026-02-02T16:23:42","date_gmt":"2026-02-02T16:23:42","guid":{"rendered":"https:\/\/musicvision.cl\/?post_type=product&#038;p=967"},"modified":"2026-02-02T16:23:42","modified_gmt":"2026-02-02T16:23:42","slug":"mouse-inalambrico-philips-m344-negro","status":"publish","type":"product","link":"https:\/\/musicvision.cl\/es\/producto\/mouse-inalambrico-philips-m344-negro\/","title":{"rendered":"Mouse Inal\u00e1mbrico Philips M344 Negro"},"content":{"rendered":"<p>Descubre el Mouse Philips M344: Conectividad Inal\u00e1mbrica y Comodidad a tu Alcance \u00bfBuscas un mouse que combine portabilidad, comodidad y estilo? El Philips M344 es tu aliado perfecto. Dise\u00f1ado para adaptarse a la perfecci\u00f3n a la palma de tu mano y cabe sin esfuerzo en tu bolso, este rat\u00f3n ofrece: Conexi\u00f3n Inal\u00e1mbrica sin Complicaciones: Olv\u00eddate de los enredos de cables con su conectividad inal\u00e1mbrica de 2,4 GHz, eficaz hasta 10 metros. Con\u00e9ctalo y comienza a trabajar sin interrupciones.<\/p>","protected":false},"excerpt":{"rendered":"<ul class=\"ui-vpp-highlighted-specs__features-list\">\n<li class=\"ui-vpp-highlighted-specs__features-list-item ui-pdp-color--BLACK ui-pdp-size--XSMALL ui-pdp-family--REGULAR\">Es inal\u00e1mbrico.<\/li>\n<li class=\"ui-vpp-highlighted-specs__features-list-item ui-pdp-color--BLACK ui-pdp-size--XSMALL ui-pdp-family--REGULAR\">Orientaci\u00f3n de la mano: ambidiestro.<\/li>\n<li class=\"ui-vpp-highlighted-specs__features-list-item ui-pdp-color--BLACK ui-pdp-size--XSMALL ui-pdp-family--REGULAR\">Tipo de alimentaci\u00f3n inal\u00e1mbrica: pilas.<\/li>\n<li class=\"ui-vpp-highlighted-specs__features-list-item ui-pdp-color--BLACK ui-pdp-size--XSMALL ui-pdp-family--REGULAR\">Posee rueda de desplazamiento.<\/li>\n<li class=\"ui-vpp-highlighted-specs__features-list-item ui-pdp-color--BLACK ui-pdp-size--XSMALL ui-pdp-family--REGULAR\">Cuenta con 3 botones para un mayor control.<\/li>\n<li class=\"ui-vpp-highlighted-specs__features-list-item ui-pdp-color--BLACK ui-pdp-size--XSMALL ui-pdp-family--REGULAR\">Alcance m\u00e1ximo de 10 m.<\/li>\n<li class=\"ui-vpp-highlighted-specs__features-list-item ui-pdp-color--BLACK ui-pdp-size--XSMALL ui-pdp-family--REGULAR\">Con sensor \u00f3ptico.<\/li>\n<li class=\"ui-vpp-highlighted-specs__features-list-item ui-pdp-color--BLACK ui-pdp-size--XSMALL ui-pdp-family--REGULAR\">Resoluci\u00f3n de 1000dpi.<\/li>\n<\/ul>","protected":false},"featured_media":969,"template":"","meta":[],"product_brand":[],"product_cat":[71,102],"product_tag":[],"class_list":{"0":"post-967","1":"product","2":"type-product","3":"status-publish","4":"has-post-thumbnail","6":"product_cat-computacion","7":"product_cat-mouse","9":"first","10":"instock","11":"sale","12":"shipping-taxable","13":"purchasable","14":"product-type-simple"},"_links":{"self":[{"href":"https:\/\/musicvision.cl\/es\/wp-json\/wp\/v2\/product\/967","targetHints":{"allow":["GET"]}}],"collection":[{"href":"https:\/\/musicvision.cl\/es\/wp-json\/wp\/v2\/product"}],"about":[{"href":"https:\/\/musicvision.cl\/es\/wp-json\/wp\/v2\/types\/product"}],"wp:featuredmedia":[{"embeddable":true,"href":"https:\/\/musicvision.cl\/es\/wp-json\/wp\/v2\/media\/969"}],"wp:attachment":[{"href":"https:\/\/musicvision.cl\/es\/wp-json\/wp\/v2\/media?parent=967"}],"wp:term":[{"taxonomy":"product_brand","embeddable":true,"href":"https:\/\/musicvision.cl\/es\/wp-json\/wp\/v2\/product_brand?post=967"},{"taxonomy":"product_cat","embeddable":true,"href":"https:\/\/musicvision.cl\/es\/wp-json\/wp\/v2\/product_cat?post=967"},{"taxonomy":"product_tag","embeddable":true,"href":"https:\/\/musicvision.cl\/es\/wp-json\/wp\/v2\/product_tag?post=967"}],"curies":[{"name":"wp","href":"https:\/\/api.w.org\/{rel}","templated":true}]}}