{"id":979,"date":"2026-02-03T16:10:01","date_gmt":"2026-02-03T16:10:01","guid":{"rendered":"https:\/\/musicvision.cl\/?post_type=product&#038;p=979"},"modified":"2026-02-03T16:14:50","modified_gmt":"2026-02-03T16:14:50","slug":"cargador-universal-30w-fuente-de-alimentacion-regulable","status":"publish","type":"product","link":"https:\/\/musicvision.cl\/es\/producto\/cargador-universal-30w-fuente-de-alimentacion-regulable\/","title":{"rendered":"Cargador Universal 30w Fuente De Alimentaci\u00f3n Regulable"},"content":{"rendered":"<p>El cargador transformador multivoltaje de 30W es el aliado perfecto para tus dispositivos electr\u00f3nicos. Con una entrada de CA de 100 a 240V, es ideal para su uso en cualquier parte del mundo. Su versatilidad se encuentra en las m\u00faltiples salidas de DC, permitiendo ajustarse a 3, 4.5, 6, 7.5, 9 y 12 voltios, lo que lo convierte en un adaptador universal para todos los principales equipos de marca. Con una corriente de salida de hasta 3.0 A, garantiza un suministro eficiente de energ\u00eda, manteniendo tus dispositivos siempre listos. Incluye seis diferentes enchufes, lo que facilita su conexi\u00f3n a diversos aparatos. La conversi\u00f3n de tensi\u00f3n regulable con clic brinda comodidad y seguridad en su uso. Su modelo Multi Role asegura que puedas utilizarlo en m\u00faltiples situaciones y con variados dispositivos, haciendo de este cargador una soluci\u00f3n pr\u00e1ctica y necesaria para cualquier usuario tecnol\u00f3gico.<\/p>","protected":false},"excerpt":{"rendered":"<p>Transformador 3.0A con 6 puntas y voltajes diferentes,<\/p>\n<p>para ser utilizado en diferentes productos, como camaras recargables, parlantes, telefonos de red fija (inalambricos), pedaleras, teclados musicales etc\u2026<\/p>\n<p>FUENTE DE ALIMENTACION REGULADA\u00a0 30W<\/p>\n<p>100-240<\/p>\n<p>6 PUNTAS DIFERENTES<\/p>\n<p>MULTI-ROLE<\/p>","protected":false},"featured_media":980,"template":"","meta":[],"product_brand":[105],"product_cat":[104],"product_tag":[],"class_list":{"0":"post-979","1":"product","2":"type-product","3":"status-publish","4":"has-post-thumbnail","6":"product_brand-irm","7":"product_cat-eliminadores-de-pilas","9":"first","10":"instock","11":"sale","12":"shipping-taxable","13":"purchasable","14":"product-type-simple"},"_links":{"self":[{"href":"https:\/\/musicvision.cl\/es\/wp-json\/wp\/v2\/product\/979","targetHints":{"allow":["GET"]}}],"collection":[{"href":"https:\/\/musicvision.cl\/es\/wp-json\/wp\/v2\/product"}],"about":[{"href":"https:\/\/musicvision.cl\/es\/wp-json\/wp\/v2\/types\/product"}],"wp:featuredmedia":[{"embeddable":true,"href":"https:\/\/musicvision.cl\/es\/wp-json\/wp\/v2\/media\/980"}],"wp:attachment":[{"href":"https:\/\/musicvision.cl\/es\/wp-json\/wp\/v2\/media?parent=979"}],"wp:term":[{"taxonomy":"product_brand","embeddable":true,"href":"https:\/\/musicvision.cl\/es\/wp-json\/wp\/v2\/product_brand?post=979"},{"taxonomy":"product_cat","embeddable":true,"href":"https:\/\/musicvision.cl\/es\/wp-json\/wp\/v2\/product_cat?post=979"},{"taxonomy":"product_tag","embeddable":true,"href":"https:\/\/musicvision.cl\/es\/wp-json\/wp\/v2\/product_tag?post=979"}],"curies":[{"name":"wp","href":"https:\/\/api.w.org\/{rel}","templated":true}]}}