{"id":992,"date":"2026-02-03T19:46:26","date_gmt":"2026-02-03T19:46:26","guid":{"rendered":"https:\/\/musicvision.cl\/?post_type=product&#038;p=992"},"modified":"2026-02-03T19:46:27","modified_gmt":"2026-02-03T19:46:27","slug":"adaptador-enchufe-de-viaje-universal-internacional-corriente","status":"publish","type":"product","link":"https:\/\/musicvision.cl\/es\/producto\/adaptador-enchufe-de-viaje-universal-internacional-corriente\/","title":{"rendered":"Adaptador Enchufe De Viaje Universal Internacional Corriente"},"content":{"rendered":"<p>Adaptador Universal de Corriente IRM Todo en Uno es la soluci\u00f3n perfecta para quienes buscan flexibilidad y funcionalidad en su d\u00eda a d\u00eda. Con un dise\u00f1o elegante en color blanco, este adaptador combina la practicidad de un modelo 3&#215;1, que te permite cargar m\u00faltiples dispositivos simult\u00e1neamente sin complicaciones. Adem\u00e1s, est\u00e1 dise\u00f1ado para adaptarse a diversas necesidades, haciendo posible que conectes tus dispositivos de manera segura y eficiente. Ya no tendr\u00e1s que preocuparte por la falta de tomacorrientes, ya que este adaptador es el aliado perfecto para mantener tu vida activa y conectada en todo momento. Consigue el Adaptador Universal de Corriente IRM Todo en Uno y simplifica tu experiencia diaria con tus dispositivos electr\u00f3nicos.<\/p>","protected":false},"excerpt":{"rendered":"<p>Adaptador Universal de Corriente IRM Todo en Uno es la soluci\u00f3n perfecta para quienes buscan flexibilidad y funcionalidad en su d\u00eda a d\u00eda. Con un dise\u00f1o elegante en color blanco, este adaptador combina la practicidad de un modelo 3&#215;1, que te permite cargar m\u00faltiples dispositivos simult\u00e1neamente sin complicaciones. Adem\u00e1s, est\u00e1 dise\u00f1ado para adaptarse a diversas necesidades, haciendo posible que conectes tus dispositivos de manera segura y eficiente. Ya no tendr\u00e1s que preocuparte por la falta de tomacorrientes, ya que este adaptador es el aliado perfecto para mantener tu vida activa y conectada en todo momento. Consigue el Adaptador Universal de Corriente IRM Todo en Uno y simplifica tu experiencia diaria con tus dispositivos electr\u00f3nicos.<\/p>","protected":false},"featured_media":994,"template":"","meta":[],"product_brand":[105],"product_cat":[107],"product_tag":[],"class_list":{"0":"post-992","1":"product","2":"type-product","3":"status-publish","4":"has-post-thumbnail","6":"product_brand-irm","7":"product_cat-adaptadores","9":"first","10":"instock","11":"sale","12":"shipping-taxable","13":"purchasable","14":"product-type-simple"},"_links":{"self":[{"href":"https:\/\/musicvision.cl\/es\/wp-json\/wp\/v2\/product\/992","targetHints":{"allow":["GET"]}}],"collection":[{"href":"https:\/\/musicvision.cl\/es\/wp-json\/wp\/v2\/product"}],"about":[{"href":"https:\/\/musicvision.cl\/es\/wp-json\/wp\/v2\/types\/product"}],"wp:featuredmedia":[{"embeddable":true,"href":"https:\/\/musicvision.cl\/es\/wp-json\/wp\/v2\/media\/994"}],"wp:attachment":[{"href":"https:\/\/musicvision.cl\/es\/wp-json\/wp\/v2\/media?parent=992"}],"wp:term":[{"taxonomy":"product_brand","embeddable":true,"href":"https:\/\/musicvision.cl\/es\/wp-json\/wp\/v2\/product_brand?post=992"},{"taxonomy":"product_cat","embeddable":true,"href":"https:\/\/musicvision.cl\/es\/wp-json\/wp\/v2\/product_cat?post=992"},{"taxonomy":"product_tag","embeddable":true,"href":"https:\/\/musicvision.cl\/es\/wp-json\/wp\/v2\/product_tag?post=992"}],"curies":[{"name":"wp","href":"https:\/\/api.w.org\/{rel}","templated":true}]}}